{"id":559,"date":"2025-02-14T17:57:11","date_gmt":"2025-02-14T16:57:11","guid":{"rendered":"https:\/\/evesolutions.fr\/?page_id=559"},"modified":"2025-08-27T14:39:38","modified_gmt":"2025-08-27T12:39:38","slug":"nos-locations","status":"publish","type":"page","link":"https:\/\/evesolutions.fr\/index.php\/nos-locations\/","title":{"rendered":"Nos locations"},"content":{"rendered":"\n<p class=\"has-large-font-size\"><strong>PORT-VENDRES<\/strong><\/p>\n\n\n\n<p><\/p>\n\n\n\n<div class=\"wp-block-media-text is-stacked-on-mobile\" style=\"grid-template-columns:49% auto\"><figure class=\"wp-block-media-text__media\"><img loading=\"lazy\" decoding=\"async\" width=\"923\" height=\"571\" src=\"https:\/\/evesolutions.fr\/wp-content\/uploads\/2025\/04\/Solange.jpg\" alt=\"\" class=\"wp-image-609 size-full\" srcset=\"https:\/\/evesolutions.fr\/wp-content\/uploads\/2025\/04\/Solange.jpg 923w, https:\/\/evesolutions.fr\/wp-content\/uploads\/2025\/04\/Solange-300x186.jpg 300w, https:\/\/evesolutions.fr\/wp-content\/uploads\/2025\/04\/Solange-768x475.jpg 768w\" sizes=\"(max-width: 923px) 100vw, 923px\" \/><\/figure><div class=\"wp-block-media-text__content\">\n<p class=\"has-medium-font-size\"><a href=\"https:\/\/bookandpay.fr\/location-court-sejour\/port-vendres-66\/la-belle-escapade-11267\/\" target=\"_blank\" rel=\"noreferrer noopener\">LA BELLE ESCAPADE<\/a><\/p>\n\n\n\n<p class=\"has-medium-font-size\"><a href=\"https:\/\/bookandpay.fr\/location-court-sejour\/port-vendres-66\/la-belle-escapade-11267\/\">Maison avec jardin, terrasse, 3 chambres &#8211; garage priv\u00e9<\/a><\/p>\n<\/div><\/div>\n\n\n\n<div class=\"wp-block-media-text has-media-on-the-right is-stacked-on-mobile\" style=\"grid-template-columns:auto 49%\"><div class=\"wp-block-media-text__content\">\n<p class=\"has-medium-font-size\"><a href=\"https:\/\/bookandpay.fr\/location-court-sejour\/port-vendres-66\/loggia-catala-8942\/\">LA LOGGIA CATALA<\/a><\/p>\n\n\n\n<p class=\"has-medium-font-size\"><a href=\"https:\/\/bookandpay.fr\/location-court-sejour\/port-vendres-66\/loggia-catala-8942\/\">Spacieux appartement avec une loggia ferm\u00e9e, une chambre. <\/a><\/p>\n<\/div><figure class=\"wp-block-media-text__media\"><img loading=\"lazy\" decoding=\"async\" width=\"925\" height=\"504\" src=\"https:\/\/evesolutions.fr\/wp-content\/uploads\/2025\/02\/Loggia-catala.jpg\" alt=\"\" class=\"wp-image-582 size-full\" srcset=\"https:\/\/evesolutions.fr\/wp-content\/uploads\/2025\/02\/Loggia-catala.jpg 925w, https:\/\/evesolutions.fr\/wp-content\/uploads\/2025\/02\/Loggia-catala-300x163.jpg 300w, https:\/\/evesolutions.fr\/wp-content\/uploads\/2025\/02\/Loggia-catala-768x418.jpg 768w\" sizes=\"(max-width: 925px) 100vw, 925px\" \/><\/figure><\/div>\n\n\n\n<p><\/p>\n\n\n\n<div class=\"wp-block-media-text is-stacked-on-mobile\"><figure class=\"wp-block-media-text__media\"><img loading=\"lazy\" decoding=\"async\" width=\"971\" height=\"503\" src=\"https:\/\/evesolutions.fr\/wp-content\/uploads\/2025\/02\/Le-Coquillage.jpg\" alt=\"\" class=\"wp-image-596 size-full\" srcset=\"https:\/\/evesolutions.fr\/wp-content\/uploads\/2025\/02\/Le-Coquillage.jpg 971w, https:\/\/evesolutions.fr\/wp-content\/uploads\/2025\/02\/Le-Coquillage-300x155.jpg 300w, https:\/\/evesolutions.fr\/wp-content\/uploads\/2025\/02\/Le-Coquillage-768x398.jpg 768w\" sizes=\"(max-width: 971px) 100vw, 971px\" \/><\/figure><div class=\"wp-block-media-text__content\">\n<p><a href=\"https:\/\/bookandpay.fr\/location-court-sejour\/port-vendres-66\/le-coquillage-bleu-9004\/\">LE COQUILLAGE BLEU<\/a><\/p>\n\n\n\n<p><a href=\"https:\/\/bookandpay.fr\/location-court-sejour\/port-vendres-66\/le-coquillage-bleu-9004\/\">Superbe maison avec jardin ferm\u00e9. 3 chambres et une cuisine d&rsquo;\u00e9t\u00e9.<\/a><\/p>\n<\/div><\/div>\n\n\n\n<p><\/p>\n\n\n\n<div class=\"wp-block-media-text has-media-on-the-right is-stacked-on-mobile\" style=\"grid-template-columns:auto 26%\"><div class=\"wp-block-media-text__content\">\n<p class=\"has-text-align-right\"><a href=\"https:\/\/www.airbnb.fr\/rooms\/7343057?adults=1&amp;check_in=2025-09-06&amp;check_out=2025-09-13&amp;search_mode=regular_search&amp;source_impression_id=p3_1752251414_P3byogjsjjWqdqAX&amp;previous_page_section_name=1000&amp;federated_search_id=cec1fc4d-36b6-4997-ab3f-877d91a6df5e\">CENTRE VILLE PORT VENDRES<\/a><\/p>\n\n\n\n<p class=\"has-text-align-right\"><a href=\"https:\/\/www.airbnb.fr\/rooms\/7343057?adults=1&amp;check_in=2025-09-06&amp;check_out=2025-09-13&amp;search_mode=regular_search&amp;source_impression_id=p3_1752251414_P3byogjsjjWqdqAX&amp;previous_page_section_name=1000&amp;federated_search_id=cec1fc4d-36b6-4997-ab3f-877d91a6df5e\">Studio \u00e0 deux pas du centre ville<\/a><\/p>\n<\/div><figure class=\"wp-block-media-text__media\"><img loading=\"lazy\" decoding=\"async\" width=\"588\" height=\"435\" src=\"https:\/\/evesolutions.fr\/wp-content\/uploads\/2025\/07\/Mortier.jpg\" alt=\"\" class=\"wp-image-641 size-full\" srcset=\"https:\/\/evesolutions.fr\/wp-content\/uploads\/2025\/07\/Mortier.jpg 588w, https:\/\/evesolutions.fr\/wp-content\/uploads\/2025\/07\/Mortier-300x222.jpg 300w\" sizes=\"(max-width: 588px) 100vw, 588px\" \/><\/figure><\/div>\n\n\n\n<div class=\"wp-block-media-text is-stacked-on-mobile\"><figure class=\"wp-block-media-text__media\"><img loading=\"lazy\" decoding=\"async\" width=\"697\" height=\"471\" src=\"https:\/\/evesolutions.fr\/wp-content\/uploads\/2025\/02\/Duprat.jpg\" alt=\"\" class=\"wp-image-599 size-full\" srcset=\"https:\/\/evesolutions.fr\/wp-content\/uploads\/2025\/02\/Duprat.jpg 697w, https:\/\/evesolutions.fr\/wp-content\/uploads\/2025\/02\/Duprat-300x203.jpg 300w\" sizes=\"(max-width: 697px) 100vw, 697px\" \/><\/figure><div class=\"wp-block-media-text__content\">\n<p><a href=\"https:\/\/www.airbnb.com\/l\/x0lxo1Jp\">NOTRE VUE PORT<\/a><\/p>\n\n\n\n<p><a href=\"https:\/\/www.airbnb.com\/l\/x0lxo1Jp\">Cosy appartement avec vue sur le port avec une chambre.<\/a><\/p>\n<\/div><\/div>\n","protected":false},"excerpt":{"rendered":"<p>PORT-VENDRES LA BELLE ESCAPADE Maison avec jardin, terrasse, 3 chambres &#8211; garage priv\u00e9 LA LOGGIA CATALA Spacieux appartement avec une loggia ferm\u00e9e, une chambre. LE COQUILLAGE BLEU Superbe maison avec jardin ferm\u00e9. 3 chambres et une cuisine d&rsquo;\u00e9t\u00e9. CENTRE VILLE &hellip; <a class=\"kt-excerpt-readmore more-link\" href=\"https:\/\/evesolutions.fr\/index.php\/nos-locations\/\">Read More<\/a><\/p>\n","protected":false},"author":1,"featured_media":0,"parent":0,"menu_order":0,"comment_status":"closed","ping_status":"closed","template":"","meta":{"kt_blocks_editor_width":"","_kadence_starter_templates_imported_post":false,"footnotes":""},"yoast_head":"<!-- This site is optimized with the Yoast SEO plugin v24.2 - https:\/\/yoast.com\/wordpress\/plugins\/seo\/ -->\n<title>Nos locations - Eve &#039; Solutions<\/title>\n<meta name=\"robots\" content=\"index, follow, max-snippet:-1, max-image-preview:large, max-video-preview:-1\" \/>\n<link rel=\"canonical\" href=\"https:\/\/evesolutions.fr\/index.php\/nos-locations\/\" \/>\n<meta property=\"og:locale\" content=\"fr_FR\" \/>\n<meta property=\"og:type\" content=\"article\" \/>\n<meta property=\"og:title\" content=\"Nos locations - Eve &#039; Solutions\" \/>\n<meta property=\"og:description\" content=\"PORT-VENDRES LA BELLE ESCAPADE Maison avec jardin, terrasse, 3 chambres &#8211; garage priv\u00e9 LA LOGGIA CATALA Spacieux appartement avec une loggia ferm\u00e9e, une chambre. LE COQUILLAGE BLEU Superbe maison avec jardin ferm\u00e9. 3 chambres et une cuisine d&rsquo;\u00e9t\u00e9. CENTRE VILLE &hellip; Read More\" \/>\n<meta property=\"og:url\" content=\"https:\/\/evesolutions.fr\/index.php\/nos-locations\/\" \/>\n<meta property=\"og:site_name\" content=\"Eve &#039; Solutions\" \/>\n<meta property=\"article:publisher\" content=\"https:\/\/www.facebook.com\/evesolutions.fr\/\" \/>\n<meta property=\"article:modified_time\" content=\"2025-08-27T12:39:38+00:00\" \/>\n<meta property=\"og:image\" content=\"https:\/\/evesolutions.fr\/wp-content\/uploads\/2025\/04\/Solange.jpg\" \/>\n\t<meta property=\"og:image:width\" content=\"923\" \/>\n\t<meta property=\"og:image:height\" content=\"571\" \/>\n\t<meta property=\"og:image:type\" content=\"image\/jpeg\" \/>\n<meta name=\"twitter:card\" content=\"summary_large_image\" \/>\n<meta name=\"twitter:label1\" content=\"Dur\u00e9e de lecture estim\u00e9e\" \/>\n\t<meta name=\"twitter:data1\" content=\"2 minutes\" \/>\n<script type=\"application\/ld+json\" class=\"yoast-schema-graph\">{\"@context\":\"https:\/\/schema.org\",\"@graph\":[{\"@type\":\"WebPage\",\"@id\":\"https:\/\/evesolutions.fr\/index.php\/nos-locations\/\",\"url\":\"https:\/\/evesolutions.fr\/index.php\/nos-locations\/\",\"name\":\"Nos locations - Eve &#039; Solutions\",\"isPartOf\":{\"@id\":\"https:\/\/evesolutions.fr\/#website\"},\"primaryImageOfPage\":{\"@id\":\"https:\/\/evesolutions.fr\/index.php\/nos-locations\/#primaryimage\"},\"image\":{\"@id\":\"https:\/\/evesolutions.fr\/index.php\/nos-locations\/#primaryimage\"},\"thumbnailUrl\":\"https:\/\/evesolutions.fr\/wp-content\/uploads\/2025\/04\/Solange.jpg\",\"datePublished\":\"2025-02-14T16:57:11+00:00\",\"dateModified\":\"2025-08-27T12:39:38+00:00\",\"breadcrumb\":{\"@id\":\"https:\/\/evesolutions.fr\/index.php\/nos-locations\/#breadcrumb\"},\"inLanguage\":\"fr-FR\",\"potentialAction\":[{\"@type\":\"ReadAction\",\"target\":[\"https:\/\/evesolutions.fr\/index.php\/nos-locations\/\"]}]},{\"@type\":\"ImageObject\",\"inLanguage\":\"fr-FR\",\"@id\":\"https:\/\/evesolutions.fr\/index.php\/nos-locations\/#primaryimage\",\"url\":\"https:\/\/evesolutions.fr\/wp-content\/uploads\/2025\/04\/Solange.jpg\",\"contentUrl\":\"https:\/\/evesolutions.fr\/wp-content\/uploads\/2025\/04\/Solange.jpg\",\"width\":923,\"height\":571},{\"@type\":\"BreadcrumbList\",\"@id\":\"https:\/\/evesolutions.fr\/index.php\/nos-locations\/#breadcrumb\",\"itemListElement\":[{\"@type\":\"ListItem\",\"position\":1,\"name\":\"Accueil\",\"item\":\"https:\/\/evesolutions.fr\/\"},{\"@type\":\"ListItem\",\"position\":2,\"name\":\"Nos locations\"}]},{\"@type\":\"WebSite\",\"@id\":\"https:\/\/evesolutions.fr\/#website\",\"url\":\"https:\/\/evesolutions.fr\/\",\"name\":\"Eve ' Solutions\",\"description\":\"Comprendre, communiquer, r\u00e9ussir \/ Understand, communicate, succeed\",\"publisher\":{\"@id\":\"https:\/\/evesolutions.fr\/#organization\"},\"potentialAction\":[{\"@type\":\"SearchAction\",\"target\":{\"@type\":\"EntryPoint\",\"urlTemplate\":\"https:\/\/evesolutions.fr\/?s={search_term_string}\"},\"query-input\":{\"@type\":\"PropertyValueSpecification\",\"valueRequired\":true,\"valueName\":\"search_term_string\"}}],\"inLanguage\":\"fr-FR\"},{\"@type\":\"Organization\",\"@id\":\"https:\/\/evesolutions.fr\/#organization\",\"name\":\"Eve ' Solutions\",\"url\":\"https:\/\/evesolutions.fr\/\",\"logo\":{\"@type\":\"ImageObject\",\"inLanguage\":\"fr-FR\",\"@id\":\"https:\/\/evesolutions.fr\/#\/schema\/logo\/image\/\",\"url\":\"https:\/\/evesolutions.fr\/wp-content\/uploads\/2024\/04\/logo-GrandModele.jpg\",\"contentUrl\":\"https:\/\/evesolutions.fr\/wp-content\/uploads\/2024\/04\/logo-GrandModele.jpg\",\"width\":2087,\"height\":1079,\"caption\":\"Eve ' Solutions\"},\"image\":{\"@id\":\"https:\/\/evesolutions.fr\/#\/schema\/logo\/image\/\"},\"sameAs\":[\"https:\/\/www.facebook.com\/evesolutions.fr\/\"]}]}<\/script>\n<!-- \/ Yoast SEO plugin. -->","yoast_head_json":{"title":"Nos locations - Eve &#039; Solutions","robots":{"index":"index","follow":"follow","max-snippet":"max-snippet:-1","max-image-preview":"max-image-preview:large","max-video-preview":"max-video-preview:-1"},"canonical":"https:\/\/evesolutions.fr\/index.php\/nos-locations\/","og_locale":"fr_FR","og_type":"article","og_title":"Nos locations - Eve &#039; Solutions","og_description":"PORT-VENDRES LA BELLE ESCAPADE Maison avec jardin, terrasse, 3 chambres &#8211; garage priv\u00e9 LA LOGGIA CATALA Spacieux appartement avec une loggia ferm\u00e9e, une chambre. LE COQUILLAGE BLEU Superbe maison avec jardin ferm\u00e9. 3 chambres et une cuisine d&rsquo;\u00e9t\u00e9. CENTRE VILLE &hellip; Read More","og_url":"https:\/\/evesolutions.fr\/index.php\/nos-locations\/","og_site_name":"Eve &#039; Solutions","article_publisher":"https:\/\/www.facebook.com\/evesolutions.fr\/","article_modified_time":"2025-08-27T12:39:38+00:00","og_image":[{"width":923,"height":571,"url":"https:\/\/evesolutions.fr\/wp-content\/uploads\/2025\/04\/Solange.jpg","type":"image\/jpeg"}],"twitter_card":"summary_large_image","twitter_misc":{"Dur\u00e9e de lecture estim\u00e9e":"2 minutes"},"schema":{"@context":"https:\/\/schema.org","@graph":[{"@type":"WebPage","@id":"https:\/\/evesolutions.fr\/index.php\/nos-locations\/","url":"https:\/\/evesolutions.fr\/index.php\/nos-locations\/","name":"Nos locations - Eve &#039; Solutions","isPartOf":{"@id":"https:\/\/evesolutions.fr\/#website"},"primaryImageOfPage":{"@id":"https:\/\/evesolutions.fr\/index.php\/nos-locations\/#primaryimage"},"image":{"@id":"https:\/\/evesolutions.fr\/index.php\/nos-locations\/#primaryimage"},"thumbnailUrl":"https:\/\/evesolutions.fr\/wp-content\/uploads\/2025\/04\/Solange.jpg","datePublished":"2025-02-14T16:57:11+00:00","dateModified":"2025-08-27T12:39:38+00:00","breadcrumb":{"@id":"https:\/\/evesolutions.fr\/index.php\/nos-locations\/#breadcrumb"},"inLanguage":"fr-FR","potentialAction":[{"@type":"ReadAction","target":["https:\/\/evesolutions.fr\/index.php\/nos-locations\/"]}]},{"@type":"ImageObject","inLanguage":"fr-FR","@id":"https:\/\/evesolutions.fr\/index.php\/nos-locations\/#primaryimage","url":"https:\/\/evesolutions.fr\/wp-content\/uploads\/2025\/04\/Solange.jpg","contentUrl":"https:\/\/evesolutions.fr\/wp-content\/uploads\/2025\/04\/Solange.jpg","width":923,"height":571},{"@type":"BreadcrumbList","@id":"https:\/\/evesolutions.fr\/index.php\/nos-locations\/#breadcrumb","itemListElement":[{"@type":"ListItem","position":1,"name":"Accueil","item":"https:\/\/evesolutions.fr\/"},{"@type":"ListItem","position":2,"name":"Nos locations"}]},{"@type":"WebSite","@id":"https:\/\/evesolutions.fr\/#website","url":"https:\/\/evesolutions.fr\/","name":"Eve ' Solutions","description":"Comprendre, communiquer, r\u00e9ussir \/ Understand, communicate, succeed","publisher":{"@id":"https:\/\/evesolutions.fr\/#organization"},"potentialAction":[{"@type":"SearchAction","target":{"@type":"EntryPoint","urlTemplate":"https:\/\/evesolutions.fr\/?s={search_term_string}"},"query-input":{"@type":"PropertyValueSpecification","valueRequired":true,"valueName":"search_term_string"}}],"inLanguage":"fr-FR"},{"@type":"Organization","@id":"https:\/\/evesolutions.fr\/#organization","name":"Eve ' Solutions","url":"https:\/\/evesolutions.fr\/","logo":{"@type":"ImageObject","inLanguage":"fr-FR","@id":"https:\/\/evesolutions.fr\/#\/schema\/logo\/image\/","url":"https:\/\/evesolutions.fr\/wp-content\/uploads\/2024\/04\/logo-GrandModele.jpg","contentUrl":"https:\/\/evesolutions.fr\/wp-content\/uploads\/2024\/04\/logo-GrandModele.jpg","width":2087,"height":1079,"caption":"Eve ' Solutions"},"image":{"@id":"https:\/\/evesolutions.fr\/#\/schema\/logo\/image\/"},"sameAs":["https:\/\/www.facebook.com\/evesolutions.fr\/"]}]}},"_links":{"self":[{"href":"https:\/\/evesolutions.fr\/index.php\/wp-json\/wp\/v2\/pages\/559"}],"collection":[{"href":"https:\/\/evesolutions.fr\/index.php\/wp-json\/wp\/v2\/pages"}],"about":[{"href":"https:\/\/evesolutions.fr\/index.php\/wp-json\/wp\/v2\/types\/page"}],"author":[{"embeddable":true,"href":"https:\/\/evesolutions.fr\/index.php\/wp-json\/wp\/v2\/users\/1"}],"replies":[{"embeddable":true,"href":"https:\/\/evesolutions.fr\/index.php\/wp-json\/wp\/v2\/comments?post=559"}],"version-history":[{"count":45,"href":"https:\/\/evesolutions.fr\/index.php\/wp-json\/wp\/v2\/pages\/559\/revisions"}],"predecessor-version":[{"id":651,"href":"https:\/\/evesolutions.fr\/index.php\/wp-json\/wp\/v2\/pages\/559\/revisions\/651"}],"wp:attachment":[{"href":"https:\/\/evesolutions.fr\/index.php\/wp-json\/wp\/v2\/media?parent=559"}],"curies":[{"name":"wp","href":"https:\/\/api.w.org\/{rel}","templated":true}]}}