{"id":410,"date":"2024-06-20T17:49:31","date_gmt":"2024-06-20T15:49:31","guid":{"rendered":"https:\/\/evesolutions.fr\/?page_id=410"},"modified":"2024-06-20T19:43:48","modified_gmt":"2024-06-20T17:43:48","slug":"differents-niveaux-danglais","status":"publish","type":"page","link":"https:\/\/evesolutions.fr\/index.php\/differents-niveaux-danglais\/","title":{"rendered":"Les differents niveaux"},"content":{"rendered":"\n<h2 class=\"wp-block-heading\">Voici comment sont d\u00e9finis les differents niveaux en langue anglaise d&rsquo;apr\u00e9s le <strong> <a href=\"https:\/\/www.coe.int\/fr\/web\/common-european-framework-reference-languages\/table-1-cefr-3.3-common-reference-levels-global-scale\">\u00ab\u00a0Common European Framework of Reference for Language\u00a0\u00bb<\/a><\/strong> C.E.F.R.<\/h2>\n\n\n\n<h3 class=\"wp-block-heading\"><a href=\"https:\/\/evesolutions.fr\/index.php\/formations\/\">Utilisateur niveau D\u00e9butant<\/a><\/h3>\n\n\n<div class=\"wp-block-image\">\n<figure class=\"alignright size-full\"><img loading=\"lazy\" decoding=\"async\" width=\"150\" height=\"150\" src=\"https:\/\/evesolutions.fr\/wp-content\/uploads\/2024\/03\/probleme2.jpg\" alt=\"Se poser des questions\" class=\"wp-image-156\"\/><\/figure><\/div>\n\n<style>.wp-block-kadence-iconlist.kt-svg-icon-list-items410_d5b515-41:not(.this-stops-third-party-issues){margin-top:0px;margin-bottom:0px;}.wp-block-kadence-iconlist.kt-svg-icon-list-items410_d5b515-41 ul.kt-svg-icon-list:not(.this-prevents-issues):not(.this-stops-third-party-issues):not(.tijsloc){margin-top:0px;margin-right:0px;margin-bottom:var(--global-kb-spacing-sm, 1.5rem);margin-left:0px;}.wp-block-kadence-iconlist.kt-svg-icon-list-items410_d5b515-41 ul.kt-svg-icon-list{grid-row-gap:5px;}.wp-block-kadence-iconlist.kt-svg-icon-list-items410_d5b515-41 ul.kt-svg-icon-list .kt-svg-icon-list-item-wrap .kt-svg-icon-list-single{margin-right:10px;}.kt-svg-icon-list-items410_d5b515-41 ul.kt-svg-icon-list .kt-svg-icon-list-level-0 .kt-svg-icon-list-single svg{font-size:20px;}<\/style>\n<div class=\"wp-block-kadence-iconlist kt-svg-icon-list-items kt-svg-icon-list-items410_d5b515-41 kt-svg-icon-list-columns-1 alignnone\"><ul class=\"kt-svg-icon-list\"><style>.kt-svg-icon-list-item-410_1d2ff7-ed .kt-svg-icon-list-text mark.kt-highlight{background-color:unset;font-style:normal;color:#f76a0c;-webkit-box-decoration-break:clone;box-decoration-break:clone;padding-top:0px;padding-right:0px;padding-bottom:0px;padding-left:0px;}<\/style>\n<li class=\"wp-block-kadence-listitem kt-svg-icon-list-item-wrap kt-svg-icon-list-item-410_1d2ff7-ed kt-svg-icon-list-level-1\"><span class=\"kb-svg-icon-wrap kb-svg-icon-fe_checkCircle kt-svg-icon-list-single\"><svg viewBox=\"0 0 24 24\"  fill=\"none\" stroke=\"currentColor\" stroke-width=\"2\" stroke-linecap=\"round\" stroke-linejoin=\"round\" xmlns=\"http:\/\/www.w3.org\/2000\/svg\"  aria-hidden=\"true\"><path d=\"M22 11.08V12a10 10 0 1 1-5.93-9.14\"\/><polyline points=\"22 4 12 14.01 9 11.01\"\/><\/svg><\/span><span class=\"kt-svg-icon-list-text\"><strong>A 0<\/strong> &#8211; Les d\u00e9butants absolues. Ceux qui n&rsquo;ont jamais \u00e9tudi\u00e9 l&rsquo;anglais. <\/span><\/li>\n\n\n<style>.kt-svg-icon-list-item-410_f5d81b-c3 .kt-svg-icon-list-text mark.kt-highlight{background-color:unset;font-style:normal;color:#f76a0c;-webkit-box-decoration-break:clone;box-decoration-break:clone;padding-top:0px;padding-right:0px;padding-bottom:0px;padding-left:0px;}<\/style>\n<li class=\"wp-block-kadence-listitem kt-svg-icon-list-item-wrap kt-svg-icon-list-item-410_f5d81b-c3 kt-svg-icon-list-level-1\"><span class=\"kb-svg-icon-wrap kb-svg-icon-fe_checkCircle kt-svg-icon-list-single\"><svg viewBox=\"0 0 24 24\"  fill=\"none\" stroke=\"currentColor\" stroke-width=\"2\" stroke-linecap=\"round\" stroke-linejoin=\"round\" xmlns=\"http:\/\/www.w3.org\/2000\/svg\"  aria-hidden=\"true\"><path d=\"M22 11.08V12a10 10 0 1 1-5.93-9.14\"\/><polyline points=\"22 4 12 14.01 9 11.01\"\/><\/svg><\/span><span class=\"kt-svg-icon-list-text\"><strong>A 1<\/strong> &#8211; Les faux d\u00e9butants. Niveau d\u00e9couverte. Peut communiquer dans un anglais basique, avec l&rsquo;aide de l&rsquo;interlocuteur. <\/span><\/li>\n\n\n<style>.kt-svg-icon-list-item-410_638555-da .kt-svg-icon-list-text mark.kt-highlight{background-color:unset;font-style:normal;color:#f76a0c;-webkit-box-decoration-break:clone;box-decoration-break:clone;padding-top:0px;padding-right:0px;padding-bottom:0px;padding-left:0px;}<\/style>\n<li class=\"wp-block-kadence-listitem kt-svg-icon-list-item-wrap kt-svg-icon-list-item-410_638555-da kt-svg-icon-list-level-1\"><span class=\"kb-svg-icon-wrap kb-svg-icon-fe_checkCircle kt-svg-icon-list-single\"><svg viewBox=\"0 0 24 24\"  fill=\"none\" stroke=\"currentColor\" stroke-width=\"2\" stroke-linecap=\"round\" stroke-linejoin=\"round\" xmlns=\"http:\/\/www.w3.org\/2000\/svg\"  aria-hidden=\"true\"><path d=\"M22 11.08V12a10 10 0 1 1-5.93-9.14\"\/><polyline points=\"22 4 12 14.01 9 11.01\"\/><\/svg><\/span><span class=\"kt-svg-icon-list-text\">A<strong> 2 <\/strong>&#8211; Interm\u00e9diaire. Peut communiquer en anglais, dans un nombre limit\u00e9 de contextes. <\/span><\/li>\n<\/ul><\/div>\n\n\n<div class=\"wp-block-image\">\n<figure class=\"alignright size-full\"><img loading=\"lazy\" decoding=\"async\" width=\"180\" height=\"145\" src=\"https:\/\/evesolutions.fr\/wp-content\/uploads\/2024\/04\/parler_anglais.jpg\" alt=\"Parler anglais\" class=\"wp-image-273\"\/><\/figure><\/div>\n\n\n<h3 class=\"wp-block-heading\"><a href=\"https:\/\/evesolutions.fr\/index.php\/formations\/\">Utilisateur niveau Autonome<\/a><\/h3>\n\n\n<style>.wp-block-kadence-iconlist.kt-svg-icon-list-items410_d34b8a-0d:not(.this-stops-third-party-issues){margin-top:0px;margin-bottom:0px;}.wp-block-kadence-iconlist.kt-svg-icon-list-items410_d34b8a-0d ul.kt-svg-icon-list:not(.this-prevents-issues):not(.this-stops-third-party-issues):not(.tijsloc){margin-top:0px;margin-right:0px;margin-bottom:var(--global-kb-spacing-sm, 1.5rem);margin-left:0px;}.wp-block-kadence-iconlist.kt-svg-icon-list-items410_d34b8a-0d ul.kt-svg-icon-list{grid-row-gap:5px;}.wp-block-kadence-iconlist.kt-svg-icon-list-items410_d34b8a-0d ul.kt-svg-icon-list .kt-svg-icon-list-item-wrap .kt-svg-icon-list-single{margin-right:10px;}.kt-svg-icon-list-items410_d34b8a-0d ul.kt-svg-icon-list .kt-svg-icon-list-level-0 .kt-svg-icon-list-single svg{font-size:20px;}<\/style>\n<div class=\"wp-block-kadence-iconlist kt-svg-icon-list-items kt-svg-icon-list-items410_d34b8a-0d kt-svg-icon-list-columns-1 alignnone\"><ul class=\"kt-svg-icon-list\"><style>.kt-svg-icon-list-item-410_0340dd-48 .kt-svg-icon-list-text mark.kt-highlight{background-color:unset;font-style:normal;color:#f76a0c;-webkit-box-decoration-break:clone;box-decoration-break:clone;padding-top:0px;padding-right:0px;padding-bottom:0px;padding-left:0px;}<\/style>\n<li class=\"wp-block-kadence-listitem kt-svg-icon-list-item-wrap kt-svg-icon-list-item-410_0340dd-48 kt-svg-icon-list-level-1\"><span class=\"kb-svg-icon-wrap kb-svg-icon-fe_checkCircle kt-svg-icon-list-single\"><svg viewBox=\"0 0 24 24\"  fill=\"none\" stroke=\"currentColor\" stroke-width=\"2\" stroke-linecap=\"round\" stroke-linejoin=\"round\" xmlns=\"http:\/\/www.w3.org\/2000\/svg\"  aria-hidden=\"true\"><path d=\"M22 11.08V12a10 10 0 1 1-5.93-9.14\"\/><polyline points=\"22 4 12 14.01 9 11.01\"\/><\/svg><\/span><span class=\"kt-svg-icon-list-text\"><strong>B 1<\/strong> &#8211; Seuil. Peut utiliser l&rsquo;anglais, dans un nombre limit\u00e9 de contextes. <\/span><\/li>\n\n\n<style>.kt-svg-icon-list-item-410_47fd07-8f .kt-svg-icon-list-text mark.kt-highlight{background-color:unset;font-style:normal;color:#f76a0c;-webkit-box-decoration-break:clone;box-decoration-break:clone;padding-top:0px;padding-right:0px;padding-bottom:0px;padding-left:0px;}<\/style>\n<li class=\"wp-block-kadence-listitem kt-svg-icon-list-item-wrap kt-svg-icon-list-item-410_47fd07-8f kt-svg-icon-list-level-1\"><span class=\"kb-svg-icon-wrap kb-svg-icon-fe_checkCircle kt-svg-icon-list-single\"><svg viewBox=\"0 0 24 24\"  fill=\"none\" stroke=\"currentColor\" stroke-width=\"2\" stroke-linecap=\"round\" stroke-linejoin=\"round\" xmlns=\"http:\/\/www.w3.org\/2000\/svg\"  aria-hidden=\"true\"><path d=\"M22 11.08V12a10 10 0 1 1-5.93-9.14\"\/><polyline points=\"22 4 12 14.01 9 11.01\"\/><\/svg><\/span><span class=\"kt-svg-icon-list-text\"><strong>B 2<\/strong> &#8211; Avanc\u00e9. Peut utiliser l&rsquo;anglais spontan\u00e9ment, avec une certaine aisance, dans un certain nombre de contextes. <\/span><\/li>\n<\/ul><\/div>\n\n\n<div class=\"wp-block-image\">\n<figure class=\"alignright size-full\"><img loading=\"lazy\" decoding=\"async\" width=\"125\" height=\"152\" src=\"https:\/\/evesolutions.fr\/wp-content\/uploads\/2024\/06\/Accueil-anglais-2.jpg\" alt=\"Homme accueillant\" class=\"wp-image-473\"\/><\/figure><\/div>\n\n\n<h3 class=\"wp-block-heading\"><a href=\"https:\/\/evesolutions.fr\/index.php\/formations\/\">Utilisateur niveau Expert<\/a><\/h3>\n\n\n<style>.wp-block-kadence-iconlist.kt-svg-icon-list-items410_ac6800-62:not(.this-stops-third-party-issues){margin-top:0px;margin-bottom:0px;}.wp-block-kadence-iconlist.kt-svg-icon-list-items410_ac6800-62 ul.kt-svg-icon-list:not(.this-prevents-issues):not(.this-stops-third-party-issues):not(.tijsloc){margin-top:0px;margin-right:0px;margin-bottom:var(--global-kb-spacing-sm, 1.5rem);margin-left:0px;}.wp-block-kadence-iconlist.kt-svg-icon-list-items410_ac6800-62 ul.kt-svg-icon-list{grid-row-gap:5px;}.wp-block-kadence-iconlist.kt-svg-icon-list-items410_ac6800-62 ul.kt-svg-icon-list .kt-svg-icon-list-item-wrap .kt-svg-icon-list-single{margin-right:10px;}.kt-svg-icon-list-items410_ac6800-62 ul.kt-svg-icon-list .kt-svg-icon-list-level-0 .kt-svg-icon-list-single svg{font-size:20px;}<\/style>\n<div class=\"wp-block-kadence-iconlist kt-svg-icon-list-items kt-svg-icon-list-items410_ac6800-62 kt-svg-icon-list-columns-1 alignnone\"><ul class=\"kt-svg-icon-list\"><style>.kt-svg-icon-list-item-410_d95607-3e .kt-svg-icon-list-text mark.kt-highlight{background-color:unset;font-style:normal;color:#f76a0c;-webkit-box-decoration-break:clone;box-decoration-break:clone;padding-top:0px;padding-right:0px;padding-bottom:0px;padding-left:0px;}<\/style>\n<li class=\"wp-block-kadence-listitem kt-svg-icon-list-item-wrap kt-svg-icon-list-item-410_d95607-3e kt-svg-icon-list-level-1\"><span class=\"kb-svg-icon-wrap kb-svg-icon-fe_checkCircle kt-svg-icon-list-single\"><svg viewBox=\"0 0 24 24\"  fill=\"none\" stroke=\"currentColor\" stroke-width=\"2\" stroke-linecap=\"round\" stroke-linejoin=\"round\" xmlns=\"http:\/\/www.w3.org\/2000\/svg\"  aria-hidden=\"true\"><path d=\"M22 11.08V12a10 10 0 1 1-5.93-9.14\"\/><polyline points=\"22 4 12 14.01 9 11.01\"\/><\/svg><\/span><span class=\"kt-svg-icon-list-text\"><strong>C 1 &#8211;<\/strong> Autonome. Capable d&rsquo;utiliser l&rsquo;anglais couramment et avec flexibilit\u00e9 dans un grand nombre de contextes<\/span><\/li>\n\n\n<style>.kt-svg-icon-list-item-410_45430f-02 .kt-svg-icon-list-text mark.kt-highlight{background-color:unset;font-style:normal;color:#f76a0c;-webkit-box-decoration-break:clone;box-decoration-break:clone;padding-top:0px;padding-right:0px;padding-bottom:0px;padding-left:0px;}<\/style>\n<li class=\"wp-block-kadence-listitem kt-svg-icon-list-item-wrap kt-svg-icon-list-item-410_45430f-02 kt-svg-icon-list-level-1\"><span class=\"kb-svg-icon-wrap kb-svg-icon-fe_checkCircle kt-svg-icon-list-single\"><svg viewBox=\"0 0 24 24\"  fill=\"none\" stroke=\"currentColor\" stroke-width=\"2\" stroke-linecap=\"round\" stroke-linejoin=\"round\" xmlns=\"http:\/\/www.w3.org\/2000\/svg\"  aria-hidden=\"true\"><path d=\"M22 11.08V12a10 10 0 1 1-5.93-9.14\"\/><polyline points=\"22 4 12 14.01 9 11.01\"\/><\/svg><\/span><span class=\"kt-svg-icon-list-text\"><strong>C 2<\/strong> &#8211; Maitrise. expert de haut niveau, peut utlis\u00e9 l&rsquo;anglais couramment, de fa\u00e7on pr\u00e9cise et intuitive dans la plupart des contextes.  <\/span><\/li>\n<\/ul><\/div>\n\n\n<style>.kt-svg-icons410_dac6cc-51 .kt-svg-item-0 .kb-svg-icon-wrap{color:var(--global-palette4, #2D3748);font-size:50px;}.wp-block-kadence-icon.kt-svg-icons410_dac6cc-51{justify-content:center;}<\/style>\n<div class=\"wp-block-kadence-icon kt-svg-icons kt-svg-icons410_dac6cc-51 alignnone\"><style>.kt-svg-item-410_5579ba-97 .kb-svg-icon-wrap, .kt-svg-style-stacked.kt-svg-item-410_5579ba-97 .kb-svg-icon-wrap{font-size:50px;}<\/style>\n<div class=\"wp-block-kadence-single-icon kt-svg-style-default kt-svg-icon-wrap kt-svg-item-410_5579ba-97\"><span class=\"kb-svg-icon-wrap kb-svg-icon-fe_aperture\"><svg viewBox=\"0 0 24 24\"  fill=\"none\" stroke=\"currentColor\" stroke-width=\"2\" stroke-linecap=\"round\" stroke-linejoin=\"round\" xmlns=\"http:\/\/www.w3.org\/2000\/svg\"  aria-hidden=\"true\"><circle cx=\"12\" cy=\"12\" r=\"10\"\/><line x1=\"14.31\" y1=\"8\" x2=\"20.05\" y2=\"17.94\"\/><line x1=\"9.69\" y1=\"8\" x2=\"21.17\" y2=\"8\"\/><line x1=\"7.38\" y1=\"12\" x2=\"13.12\" y2=\"2.06\"\/><line x1=\"9.69\" y1=\"16\" x2=\"3.95\" y2=\"6.06\"\/><line x1=\"14.31\" y1=\"16\" x2=\"2.83\" y2=\"16\"\/><line x1=\"16.62\" y1=\"12\" x2=\"10.88\" y2=\"21.94\"\/><\/svg><\/span><\/div>\n<\/div>\n\n\n\n<p><\/p>\n\n\n\n<p class=\"has-medium-font-size\"><strong>Nous pouvons faire une rapide \u00e9valuation de votre niveau afain de vous situer sur cette grille de r\u00e9f\u00e9rencement. <\/strong><\/p>\n\n\n\n<p class=\"has-text-align-center has-medium-font-size\"><strong><a href=\"https:\/\/evesolutions.fr\/index.php\/contact\/\">Contactez-nous <\/a> pour prendre rendez-vous. <\/strong><\/p>\n","protected":false},"excerpt":{"rendered":"<p>Voici comment sont d\u00e9finis les differents niveaux en langue anglaise d&rsquo;apr\u00e9s le \u00ab\u00a0Common European Framework of Reference for Language\u00a0\u00bb C.E.F.R. Utilisateur niveau D\u00e9butant Utilisateur niveau Autonome Utilisateur niveau Expert Nous pouvons faire une rapide \u00e9valuation de votre niveau afain de &hellip; <a class=\"kt-excerpt-readmore more-link\" href=\"https:\/\/evesolutions.fr\/index.php\/differents-niveaux-danglais\/\">Read More<\/a><\/p>\n","protected":false},"author":1,"featured_media":0,"parent":0,"menu_order":0,"comment_status":"closed","ping_status":"closed","template":"","meta":{"kt_blocks_editor_width":"","_kadence_starter_templates_imported_post":false,"footnotes":""},"yoast_head":"<!-- This site is optimized with the Yoast SEO plugin v24.2 - https:\/\/yoast.com\/wordpress\/plugins\/seo\/ -->\n<title>Les differents niveaux - Eve &#039; Solutions<\/title>\n<meta name=\"description\" content=\"Les differents niveaux d&#039;apr\u00e9s le cadre europ\u00e9en des \u00e9valutions en langue anglaise. Ce cadre s&#039;applique \u00e0 toutes les \u00e9valuations reconues.\" \/>\n<meta name=\"robots\" content=\"index, follow, max-snippet:-1, max-image-preview:large, max-video-preview:-1\" \/>\n<link rel=\"canonical\" href=\"https:\/\/evesolutions.fr\/index.php\/differents-niveaux-danglais\/\" \/>\n<meta property=\"og:locale\" content=\"fr_FR\" \/>\n<meta property=\"og:type\" content=\"article\" \/>\n<meta property=\"og:title\" content=\"Les differents niveaux - Eve &#039; Solutions\" \/>\n<meta property=\"og:description\" content=\"Les differents niveaux d&#039;apr\u00e9s le cadre europ\u00e9en des \u00e9valutions en langue anglaise. Ce cadre s&#039;applique \u00e0 toutes les \u00e9valuations reconues.\" \/>\n<meta property=\"og:url\" content=\"https:\/\/evesolutions.fr\/index.php\/differents-niveaux-danglais\/\" \/>\n<meta property=\"og:site_name\" content=\"Eve &#039; Solutions\" \/>\n<meta property=\"article:publisher\" content=\"https:\/\/www.facebook.com\/evesolutions.fr\/\" \/>\n<meta property=\"article:modified_time\" content=\"2024-06-20T17:43:48+00:00\" \/>\n<meta property=\"og:image\" content=\"https:\/\/evesolutions.fr\/wp-content\/uploads\/2024\/03\/probleme2.jpg\" \/>\n<meta name=\"twitter:card\" content=\"summary_large_image\" \/>\n<meta name=\"twitter:label1\" content=\"Dur\u00e9e de lecture estim\u00e9e\" \/>\n\t<meta name=\"twitter:data1\" content=\"2 minutes\" \/>\n<script type=\"application\/ld+json\" class=\"yoast-schema-graph\">{\"@context\":\"https:\/\/schema.org\",\"@graph\":[{\"@type\":\"WebPage\",\"@id\":\"https:\/\/evesolutions.fr\/index.php\/differents-niveaux-danglais\/\",\"url\":\"https:\/\/evesolutions.fr\/index.php\/differents-niveaux-danglais\/\",\"name\":\"Les differents niveaux - Eve &#039; Solutions\",\"isPartOf\":{\"@id\":\"https:\/\/evesolutions.fr\/#website\"},\"primaryImageOfPage\":{\"@id\":\"https:\/\/evesolutions.fr\/index.php\/differents-niveaux-danglais\/#primaryimage\"},\"image\":{\"@id\":\"https:\/\/evesolutions.fr\/index.php\/differents-niveaux-danglais\/#primaryimage\"},\"thumbnailUrl\":\"https:\/\/evesolutions.fr\/wp-content\/uploads\/2024\/03\/probleme2.jpg\",\"datePublished\":\"2024-06-20T15:49:31+00:00\",\"dateModified\":\"2024-06-20T17:43:48+00:00\",\"description\":\"Les differents niveaux d'apr\u00e9s le cadre europ\u00e9en des \u00e9valutions en langue anglaise. Ce cadre s'applique \u00e0 toutes les \u00e9valuations reconues.\",\"breadcrumb\":{\"@id\":\"https:\/\/evesolutions.fr\/index.php\/differents-niveaux-danglais\/#breadcrumb\"},\"inLanguage\":\"fr-FR\",\"potentialAction\":[{\"@type\":\"ReadAction\",\"target\":[\"https:\/\/evesolutions.fr\/index.php\/differents-niveaux-danglais\/\"]}]},{\"@type\":\"ImageObject\",\"inLanguage\":\"fr-FR\",\"@id\":\"https:\/\/evesolutions.fr\/index.php\/differents-niveaux-danglais\/#primaryimage\",\"url\":\"https:\/\/evesolutions.fr\/wp-content\/uploads\/2024\/03\/probleme2.jpg\",\"contentUrl\":\"https:\/\/evesolutions.fr\/wp-content\/uploads\/2024\/03\/probleme2.jpg\",\"width\":150,\"height\":150,\"caption\":\"Se poser des questions\"},{\"@type\":\"BreadcrumbList\",\"@id\":\"https:\/\/evesolutions.fr\/index.php\/differents-niveaux-danglais\/#breadcrumb\",\"itemListElement\":[{\"@type\":\"ListItem\",\"position\":1,\"name\":\"Accueil\",\"item\":\"https:\/\/evesolutions.fr\/\"},{\"@type\":\"ListItem\",\"position\":2,\"name\":\"Les differents niveaux\"}]},{\"@type\":\"WebSite\",\"@id\":\"https:\/\/evesolutions.fr\/#website\",\"url\":\"https:\/\/evesolutions.fr\/\",\"name\":\"Eve ' Solutions\",\"description\":\"A local helping hand\",\"publisher\":{\"@id\":\"https:\/\/evesolutions.fr\/#organization\"},\"potentialAction\":[{\"@type\":\"SearchAction\",\"target\":{\"@type\":\"EntryPoint\",\"urlTemplate\":\"https:\/\/evesolutions.fr\/?s={search_term_string}\"},\"query-input\":{\"@type\":\"PropertyValueSpecification\",\"valueRequired\":true,\"valueName\":\"search_term_string\"}}],\"inLanguage\":\"fr-FR\"},{\"@type\":\"Organization\",\"@id\":\"https:\/\/evesolutions.fr\/#organization\",\"name\":\"Eve ' Solutions\",\"url\":\"https:\/\/evesolutions.fr\/\",\"logo\":{\"@type\":\"ImageObject\",\"inLanguage\":\"fr-FR\",\"@id\":\"https:\/\/evesolutions.fr\/#\/schema\/logo\/image\/\",\"url\":\"https:\/\/evesolutions.fr\/wp-content\/uploads\/2024\/04\/logo-GrandModele.jpg\",\"contentUrl\":\"https:\/\/evesolutions.fr\/wp-content\/uploads\/2024\/04\/logo-GrandModele.jpg\",\"width\":2087,\"height\":1079,\"caption\":\"Eve ' Solutions\"},\"image\":{\"@id\":\"https:\/\/evesolutions.fr\/#\/schema\/logo\/image\/\"},\"sameAs\":[\"https:\/\/www.facebook.com\/evesolutions.fr\/\"]}]}<\/script>\n<!-- \/ Yoast SEO plugin. -->","yoast_head_json":{"title":"Les differents niveaux - Eve &#039; Solutions","description":"Les differents niveaux d'apr\u00e9s le cadre europ\u00e9en des \u00e9valutions en langue anglaise. Ce cadre s'applique \u00e0 toutes les \u00e9valuations reconues.","robots":{"index":"index","follow":"follow","max-snippet":"max-snippet:-1","max-image-preview":"max-image-preview:large","max-video-preview":"max-video-preview:-1"},"canonical":"https:\/\/evesolutions.fr\/index.php\/differents-niveaux-danglais\/","og_locale":"fr_FR","og_type":"article","og_title":"Les differents niveaux - Eve &#039; Solutions","og_description":"Les differents niveaux d'apr\u00e9s le cadre europ\u00e9en des \u00e9valutions en langue anglaise. Ce cadre s'applique \u00e0 toutes les \u00e9valuations reconues.","og_url":"https:\/\/evesolutions.fr\/index.php\/differents-niveaux-danglais\/","og_site_name":"Eve &#039; Solutions","article_publisher":"https:\/\/www.facebook.com\/evesolutions.fr\/","article_modified_time":"2024-06-20T17:43:48+00:00","og_image":[{"url":"https:\/\/evesolutions.fr\/wp-content\/uploads\/2024\/03\/probleme2.jpg","type":"","width":"","height":""}],"twitter_card":"summary_large_image","twitter_misc":{"Dur\u00e9e de lecture estim\u00e9e":"2 minutes"},"schema":{"@context":"https:\/\/schema.org","@graph":[{"@type":"WebPage","@id":"https:\/\/evesolutions.fr\/index.php\/differents-niveaux-danglais\/","url":"https:\/\/evesolutions.fr\/index.php\/differents-niveaux-danglais\/","name":"Les differents niveaux - Eve &#039; Solutions","isPartOf":{"@id":"https:\/\/evesolutions.fr\/#website"},"primaryImageOfPage":{"@id":"https:\/\/evesolutions.fr\/index.php\/differents-niveaux-danglais\/#primaryimage"},"image":{"@id":"https:\/\/evesolutions.fr\/index.php\/differents-niveaux-danglais\/#primaryimage"},"thumbnailUrl":"https:\/\/evesolutions.fr\/wp-content\/uploads\/2024\/03\/probleme2.jpg","datePublished":"2024-06-20T15:49:31+00:00","dateModified":"2024-06-20T17:43:48+00:00","description":"Les differents niveaux d'apr\u00e9s le cadre europ\u00e9en des \u00e9valutions en langue anglaise. Ce cadre s'applique \u00e0 toutes les \u00e9valuations reconues.","breadcrumb":{"@id":"https:\/\/evesolutions.fr\/index.php\/differents-niveaux-danglais\/#breadcrumb"},"inLanguage":"fr-FR","potentialAction":[{"@type":"ReadAction","target":["https:\/\/evesolutions.fr\/index.php\/differents-niveaux-danglais\/"]}]},{"@type":"ImageObject","inLanguage":"fr-FR","@id":"https:\/\/evesolutions.fr\/index.php\/differents-niveaux-danglais\/#primaryimage","url":"https:\/\/evesolutions.fr\/wp-content\/uploads\/2024\/03\/probleme2.jpg","contentUrl":"https:\/\/evesolutions.fr\/wp-content\/uploads\/2024\/03\/probleme2.jpg","width":150,"height":150,"caption":"Se poser des questions"},{"@type":"BreadcrumbList","@id":"https:\/\/evesolutions.fr\/index.php\/differents-niveaux-danglais\/#breadcrumb","itemListElement":[{"@type":"ListItem","position":1,"name":"Accueil","item":"https:\/\/evesolutions.fr\/"},{"@type":"ListItem","position":2,"name":"Les differents niveaux"}]},{"@type":"WebSite","@id":"https:\/\/evesolutions.fr\/#website","url":"https:\/\/evesolutions.fr\/","name":"Eve ' Solutions","description":"A local helping hand","publisher":{"@id":"https:\/\/evesolutions.fr\/#organization"},"potentialAction":[{"@type":"SearchAction","target":{"@type":"EntryPoint","urlTemplate":"https:\/\/evesolutions.fr\/?s={search_term_string}"},"query-input":{"@type":"PropertyValueSpecification","valueRequired":true,"valueName":"search_term_string"}}],"inLanguage":"fr-FR"},{"@type":"Organization","@id":"https:\/\/evesolutions.fr\/#organization","name":"Eve ' Solutions","url":"https:\/\/evesolutions.fr\/","logo":{"@type":"ImageObject","inLanguage":"fr-FR","@id":"https:\/\/evesolutions.fr\/#\/schema\/logo\/image\/","url":"https:\/\/evesolutions.fr\/wp-content\/uploads\/2024\/04\/logo-GrandModele.jpg","contentUrl":"https:\/\/evesolutions.fr\/wp-content\/uploads\/2024\/04\/logo-GrandModele.jpg","width":2087,"height":1079,"caption":"Eve ' Solutions"},"image":{"@id":"https:\/\/evesolutions.fr\/#\/schema\/logo\/image\/"},"sameAs":["https:\/\/www.facebook.com\/evesolutions.fr\/"]}]}},"_links":{"self":[{"href":"https:\/\/evesolutions.fr\/index.php\/wp-json\/wp\/v2\/pages\/410"}],"collection":[{"href":"https:\/\/evesolutions.fr\/index.php\/wp-json\/wp\/v2\/pages"}],"about":[{"href":"https:\/\/evesolutions.fr\/index.php\/wp-json\/wp\/v2\/types\/page"}],"author":[{"embeddable":true,"href":"https:\/\/evesolutions.fr\/index.php\/wp-json\/wp\/v2\/users\/1"}],"replies":[{"embeddable":true,"href":"https:\/\/evesolutions.fr\/index.php\/wp-json\/wp\/v2\/comments?post=410"}],"version-history":[{"count":42,"href":"https:\/\/evesolutions.fr\/index.php\/wp-json\/wp\/v2\/pages\/410\/revisions"}],"predecessor-version":[{"id":476,"href":"https:\/\/evesolutions.fr\/index.php\/wp-json\/wp\/v2\/pages\/410\/revisions\/476"}],"wp:attachment":[{"href":"https:\/\/evesolutions.fr\/index.php\/wp-json\/wp\/v2\/media?parent=410"}],"curies":[{"name":"wp","href":"https:\/\/api.w.org\/{rel}","templated":true}]}}