{"id":291,"date":"2024-05-04T15:37:13","date_gmt":"2024-05-04T13:37:13","guid":{"rendered":"https:\/\/evesolutions.fr\/?page_id=291"},"modified":"2025-01-23T10:40:02","modified_gmt":"2025-01-23T09:40:02","slug":"apprendre-langlais","status":"publish","type":"page","link":"https:\/\/evesolutions.fr\/index.php\/apprendre-langlais\/","title":{"rendered":"Am\u00e9liorer son Anglais"},"content":{"rendered":"\n<div class=\"wp-block-columns is-layout-flex wp-container-core-columns-is-layout-1 wp-block-columns-is-layout-flex\">\n<div class=\"wp-block-column is-layout-flow wp-block-column-is-layout-flow\" style=\"flex-basis:66.66%\">\n<h2 class=\"wp-block-heading\">Nos formations<\/h2>\n\n\n\n<p class=\"has-medium-font-size\"><strong>N<\/strong>ous proposons dans notre centre des formations uniquement en individuel. Nous pensons que pour progresser, un accompagnement individuel et personnalis\u00e9 est plus adapt\u00e9.<\/p>\n\n\n\n<p class=\"has-medium-font-size\"><strong>N<\/strong>ous pouvons \u00e9galement<strong> nous d\u00e9placer en entreprise <\/strong>et faire une formation sur le theme de votre choix. (l&rsquo;acceuil physique, r\u00e9pondre au t\u00e9l\u00e9phone, r\u00e9pondre \u00e0 un mail.) Ou bien juste rafraichir les connaissances en anglais. <\/p>\n\n\n\n<p class=\"has-medium-font-size\"><strong>E<\/strong>n individuel, quelque soit votre niveau, nous trouverons un programme pour vous. Pour d\u00e9buter, nous \u00e9valuerons votre niveau, \u00e9tudierons vos disponibilit\u00e9s et travaillerons ensemble pour que rapidement vous sentiez une r\u00e9elle progression.<\/p>\n<\/div>\n\n\n\n<div class=\"wp-block-column is-layout-flow wp-block-column-is-layout-flow\" style=\"flex-basis:33.33%\">\n<figure class=\"wp-block-image size-full\"><img loading=\"lazy\" decoding=\"async\" width=\"361\" height=\"400\" src=\"https:\/\/evesolutions.fr\/wp-content\/uploads\/2024\/06\/Centre-de-formation-361X400.jpg\" alt=\"Table centre de formation\" class=\"wp-image-324\" srcset=\"https:\/\/evesolutions.fr\/wp-content\/uploads\/2024\/06\/Centre-de-formation-361X400.jpg 361w, https:\/\/evesolutions.fr\/wp-content\/uploads\/2024\/06\/Centre-de-formation-361X400-271x300.jpg 271w\" sizes=\"(max-width: 361px) 100vw, 361px\" \/><\/figure>\n<\/div>\n<\/div>\n\n\n\n<h2 class=\"wp-block-heading\">Le financement<\/h2>\n\n\n\n<p class=\"has-medium-font-size\"><strong>V<\/strong>ous pouvez financer votre formation par votre <a href=\"https:\/\/travail-emploi.gouv.fr\/formation-professionnelle\/droit-a-la-formation-et-orientation-professionnelle\/compte-personnel-formation\" target=\"_blank\" rel=\"noreferrer noopener\">Compte Personel de Formation.(C.P.F.)<\/a> Notre centre a la certifcation <a href=\"https:\/\/travail-emploi.gouv.fr\/formation-professionnelle\/acteurs-cadre-et-qualite-de-la-formation-professionnelle\/article\/qualiopi-marque-de-certification-qualite-des-prestataires-de-formation#:~:text=En%20quoi%20consiste%20la%20marque,des%20entreprises%20et%20des%20usagers.\" target=\"_blank\" rel=\"noreferrer noopener\">QUALIOPI<\/a>. Cela veut dire que nous avons un cahier des charges \u00e0 suivre \u00e0 la lettre pour que nos formations soient inscrite sur le site <a href=\"https:\/\/www.moncompteformation.gouv.fr\/espace-prive\/html\/#\/formation\/recherche\/50338690600021_BRIGTH\/50338690600021_Bright4sem?contexteFormation=ACTIVITE_PROFESSIONNELLE\" target=\"_blank\" rel=\"noreferrer noopener\">Mon Compte Formation<\/a>. Une des conditions pour ce financement est qu&rsquo;une evalution cerifiante doit \u00eatre mise en place \u00e0 la fin de la formation. Nous avons choisis la certification <a href=\"https:\/\/brightlanguage.com\/fr\/test-bright\/#:~:text=Comment%20%C3%A7a%20marche%20%3F,%C3%A9valuation*%2C%20t%C3%A9l%C3%A9chargeable%20en%20PDF.\" target=\"_blank\" rel=\"noreferrer noopener\">Bright Language<\/a> qui est maintenant reconue dans le monde du travail et des universit\u00e9s<a href=\"https:\/\/www.francecompetences.fr\/recherche\/rs\/6663\/\"> RS6663<\/a> .<\/p>\n\n\n<div class=\"wp-block-image\">\n<figure class=\"aligncenter size-full\"><a href=\"https:\/\/brightlanguage.com\/fr\/test-bright\/#:~:text=Comment%20%C3%A7a%20marche%20%3F,%C3%A9valuation*%2C%20t%C3%A9l%C3%A9chargeable%20en%20PDF.\"><img loading=\"lazy\" decoding=\"async\" width=\"1024\" height=\"150\" src=\"https:\/\/evesolutions.fr\/wp-content\/uploads\/2024\/06\/Logo-Bright.jpg\" alt=\"\" class=\"wp-image-387\" srcset=\"https:\/\/evesolutions.fr\/wp-content\/uploads\/2024\/06\/Logo-Bright.jpg 1024w, https:\/\/evesolutions.fr\/wp-content\/uploads\/2024\/06\/Logo-Bright-300x44.jpg 300w, https:\/\/evesolutions.fr\/wp-content\/uploads\/2024\/06\/Logo-Bright-768x113.jpg 768w\" sizes=\"(max-width: 1024px) 100vw, 1024px\" \/><\/a><figcaption class=\"wp-element-caption\">brightf-tm<\/figcaption><\/figure><\/div>\n\n\n<div class=\"wp-block-columns is-layout-flex wp-container-core-columns-is-layout-2 wp-block-columns-is-layout-flex\">\n<div class=\"wp-block-column is-layout-flow wp-block-column-is-layout-flow\" style=\"flex-basis:66.66%\">\n<h2 class=\"wp-block-heading\">Nos methodes<\/h2>\n\n\n\n<p class=\"has-medium-font-size\"><strong>A<\/strong>pprendre une langue \u00e9trang\u00e8re n&rsquo;est pas chose facile. Vous serez tent\u00e9 de traduire en fran\u00e7ais toutes les phrases que vous lirez. C&rsquo;est un automatisme naturel, rapidement vous vous rendrez compte que traduire en fran\u00e7ais, r\u00e9fl\u00e9chir \u00e0 la r\u00e9ponse et trouver vos mots pour r\u00e9pondre va devenir une gymnastique contraignante.<\/p>\n<\/div>\n\n\n\n<div class=\"wp-block-column is-layout-flow wp-block-column-is-layout-flow\" style=\"flex-basis:33.33%\"><div class=\"wp-block-image\">\n<figure class=\"alignleft size-full\"><img loading=\"lazy\" decoding=\"async\" width=\"900\" height=\"400\" src=\"https:\/\/evesolutions.fr\/wp-content\/uploads\/2024\/06\/Phrases-domino-900x400-1.jpg\" alt=\"M\u00e9li melo de mots\" class=\"wp-image-380\" srcset=\"https:\/\/evesolutions.fr\/wp-content\/uploads\/2024\/06\/Phrases-domino-900x400-1.jpg 900w, https:\/\/evesolutions.fr\/wp-content\/uploads\/2024\/06\/Phrases-domino-900x400-1-300x133.jpg 300w, https:\/\/evesolutions.fr\/wp-content\/uploads\/2024\/06\/Phrases-domino-900x400-1-768x341.jpg 768w\" sizes=\"(max-width: 900px) 100vw, 900px\" \/><\/figure><\/div><\/div>\n<\/div>\n\n\n\n<p class=\"has-medium-font-size\"><strong>N<\/strong>ous pr\u00e9conisons d&rsquo;analyser la phrase et de ne traduire que les mots cl\u00e9s qui vous donneront une id\u00e9e de la signification de la phrase. Pendant nos cours, nous vous rappellerons \u00e0 plusieurs reprises, que traduire mot \u00e0 mot une phrase en anglais vous donnera une phrase qui n&rsquo;aura pas de sens en fran\u00e7ais.<\/p>\n\n\n\n<p class=\"has-medium-font-size\"><strong>U<\/strong>ne formation pour apprendre l\u2019anglais n\u2019est pas comme un cours d\u2019informatique, o\u00f9 on nous explique le fonctionnement et l\u2019acquis vient juste apr\u00e8s gr\u00e2ce \u00e0 la pratique. Pour l\u2019anglais il faudra premi\u00e8rement accepter que la construction soit totalement diff\u00e9rente et que nous ne pouvons pas utiliser nos constructions fran\u00e7aises.<\/p>\n\n\n\n<h2 class=\"wp-block-heading\">La dur\u00e9e<\/h2>\n\n\n\n<p class=\"has-medium-font-size\"><strong>N<\/strong>os formations peuvent durer entre 1 \u00e0 6 mois. La p\u00e9riodicit\u00e9 peut \u00eatre des s\u00e9ances de 2 \u00e0 3 heures, 3 \u00e0 5 fois pas semaine. Choisir de l&rsquo;intensif (5 x 3h par semaine) n&rsquo;est peut \u00eatre pas un bon choix si vous avez quitt\u00e9 les bancs de l&rsquo;\u00e9cole il y a plus de 20 ans. Apprendre l\u2019anglais peut \u00eatre un loisir mais, va \u00e9galement vous demander beaucoup de concentration. Nous ferons en sorte que cela devienne un plaisir et que vous remarquez au fil des jours une am\u00e9lioration progressive.<\/p>\n\n\n\n<p class=\"has-medium-font-size\"><strong>I<\/strong>l existe 6 niveaux d\u2019anglais. Nous vous conseillons de viser juste un niveau au dessus du votre. Nous \u00e9valuerons votre niveau en d\u00e9but de formation et vous conseillerons le niveau le plus adapt\u00e9 pour vous. &nbsp;<\/p>\n\n\n\n<h2 class=\"wp-block-heading\"><a href=\"https:\/\/evesolutions.fr\/index.php\/contact\/\">Contactez nous <\/a><\/h2>\n\n\n\n<p><\/p>\n","protected":false},"excerpt":{"rendered":"<p>Nos formations Nous proposons dans notre centre des formations uniquement en individuel. Nous pensons que pour progresser, un accompagnement individuel et personnalis\u00e9 est plus adapt\u00e9. Nous pouvons \u00e9galement nous d\u00e9placer en entreprise et faire une formation sur le theme de &hellip; <a class=\"kt-excerpt-readmore more-link\" href=\"https:\/\/evesolutions.fr\/index.php\/apprendre-langlais\/\">Read More<\/a><\/p>\n","protected":false},"author":1,"featured_media":0,"parent":0,"menu_order":0,"comment_status":"closed","ping_status":"closed","template":"","meta":{"kt_blocks_editor_width":"","_kadence_starter_templates_imported_post":false,"footnotes":""},"yoast_head":"<!-- This site is optimized with the Yoast SEO plugin v24.2 - https:\/\/yoast.com\/wordpress\/plugins\/seo\/ -->\n<title>Am\u00e9liorer son Anglais - Eve &#039; Solutions<\/title>\n<meta name=\"description\" content=\"Les formations que nous proposons dans notre centre sont uniquement en individuel. Nous pensons que pour progresser, un accompagnement individuel et personnalis\u00e9 est plus adapt\u00e9.\" \/>\n<meta name=\"robots\" content=\"index, follow, max-snippet:-1, max-image-preview:large, max-video-preview:-1\" \/>\n<link rel=\"canonical\" href=\"https:\/\/evesolutions.fr\/index.php\/apprendre-langlais\/\" \/>\n<meta property=\"og:locale\" content=\"fr_FR\" \/>\n<meta property=\"og:type\" content=\"article\" \/>\n<meta property=\"og:title\" content=\"Am\u00e9liorer son Anglais - Eve &#039; Solutions\" \/>\n<meta property=\"og:description\" content=\"Les formations que nous proposons dans notre centre sont uniquement en individuel. Nous pensons que pour progresser, un accompagnement individuel et personnalis\u00e9 est plus adapt\u00e9.\" \/>\n<meta property=\"og:url\" content=\"https:\/\/evesolutions.fr\/index.php\/apprendre-langlais\/\" \/>\n<meta property=\"og:site_name\" content=\"Eve &#039; Solutions\" \/>\n<meta property=\"article:publisher\" content=\"https:\/\/www.facebook.com\/evesolutions.fr\/\" \/>\n<meta property=\"article:modified_time\" content=\"2025-01-23T09:40:02+00:00\" \/>\n<meta property=\"og:image\" content=\"https:\/\/evesolutions.fr\/wp-content\/uploads\/2024\/06\/Centre-de-formation-361X400.jpg\" \/>\n\t<meta property=\"og:image:width\" content=\"361\" \/>\n\t<meta property=\"og:image:height\" content=\"400\" \/>\n\t<meta property=\"og:image:type\" content=\"image\/jpeg\" \/>\n<meta name=\"twitter:card\" content=\"summary_large_image\" \/>\n<meta name=\"twitter:label1\" content=\"Dur\u00e9e de lecture estim\u00e9e\" \/>\n\t<meta name=\"twitter:data1\" content=\"4 minutes\" \/>\n<script type=\"application\/ld+json\" class=\"yoast-schema-graph\">{\"@context\":\"https:\/\/schema.org\",\"@graph\":[{\"@type\":\"WebPage\",\"@id\":\"https:\/\/evesolutions.fr\/index.php\/apprendre-langlais\/\",\"url\":\"https:\/\/evesolutions.fr\/index.php\/apprendre-langlais\/\",\"name\":\"Am\u00e9liorer son Anglais - Eve &#039; Solutions\",\"isPartOf\":{\"@id\":\"https:\/\/evesolutions.fr\/#website\"},\"primaryImageOfPage\":{\"@id\":\"https:\/\/evesolutions.fr\/index.php\/apprendre-langlais\/#primaryimage\"},\"image\":{\"@id\":\"https:\/\/evesolutions.fr\/index.php\/apprendre-langlais\/#primaryimage\"},\"thumbnailUrl\":\"https:\/\/evesolutions.fr\/wp-content\/uploads\/2024\/06\/Centre-de-formation-361X400.jpg\",\"datePublished\":\"2024-05-04T13:37:13+00:00\",\"dateModified\":\"2025-01-23T09:40:02+00:00\",\"description\":\"Les formations que nous proposons dans notre centre sont uniquement en individuel. Nous pensons que pour progresser, un accompagnement individuel et personnalis\u00e9 est plus adapt\u00e9.\",\"breadcrumb\":{\"@id\":\"https:\/\/evesolutions.fr\/index.php\/apprendre-langlais\/#breadcrumb\"},\"inLanguage\":\"fr-FR\",\"potentialAction\":[{\"@type\":\"ReadAction\",\"target\":[\"https:\/\/evesolutions.fr\/index.php\/apprendre-langlais\/\"]}]},{\"@type\":\"ImageObject\",\"inLanguage\":\"fr-FR\",\"@id\":\"https:\/\/evesolutions.fr\/index.php\/apprendre-langlais\/#primaryimage\",\"url\":\"https:\/\/evesolutions.fr\/wp-content\/uploads\/2024\/06\/Centre-de-formation-361X400.jpg\",\"contentUrl\":\"https:\/\/evesolutions.fr\/wp-content\/uploads\/2024\/06\/Centre-de-formation-361X400.jpg\",\"width\":361,\"height\":400,\"caption\":\"Table centre de formation\"},{\"@type\":\"BreadcrumbList\",\"@id\":\"https:\/\/evesolutions.fr\/index.php\/apprendre-langlais\/#breadcrumb\",\"itemListElement\":[{\"@type\":\"ListItem\",\"position\":1,\"name\":\"Accueil\",\"item\":\"https:\/\/evesolutions.fr\/\"},{\"@type\":\"ListItem\",\"position\":2,\"name\":\"Am\u00e9liorer son Anglais\"}]},{\"@type\":\"WebSite\",\"@id\":\"https:\/\/evesolutions.fr\/#website\",\"url\":\"https:\/\/evesolutions.fr\/\",\"name\":\"Eve ' Solutions\",\"description\":\"A local helping hand\",\"publisher\":{\"@id\":\"https:\/\/evesolutions.fr\/#organization\"},\"potentialAction\":[{\"@type\":\"SearchAction\",\"target\":{\"@type\":\"EntryPoint\",\"urlTemplate\":\"https:\/\/evesolutions.fr\/?s={search_term_string}\"},\"query-input\":{\"@type\":\"PropertyValueSpecification\",\"valueRequired\":true,\"valueName\":\"search_term_string\"}}],\"inLanguage\":\"fr-FR\"},{\"@type\":\"Organization\",\"@id\":\"https:\/\/evesolutions.fr\/#organization\",\"name\":\"Eve ' Solutions\",\"url\":\"https:\/\/evesolutions.fr\/\",\"logo\":{\"@type\":\"ImageObject\",\"inLanguage\":\"fr-FR\",\"@id\":\"https:\/\/evesolutions.fr\/#\/schema\/logo\/image\/\",\"url\":\"https:\/\/evesolutions.fr\/wp-content\/uploads\/2024\/04\/logo-GrandModele.jpg\",\"contentUrl\":\"https:\/\/evesolutions.fr\/wp-content\/uploads\/2024\/04\/logo-GrandModele.jpg\",\"width\":2087,\"height\":1079,\"caption\":\"Eve ' Solutions\"},\"image\":{\"@id\":\"https:\/\/evesolutions.fr\/#\/schema\/logo\/image\/\"},\"sameAs\":[\"https:\/\/www.facebook.com\/evesolutions.fr\/\"]}]}<\/script>\n<!-- \/ Yoast SEO plugin. -->","yoast_head_json":{"title":"Am\u00e9liorer son Anglais - Eve &#039; Solutions","description":"Les formations que nous proposons dans notre centre sont uniquement en individuel. Nous pensons que pour progresser, un accompagnement individuel et personnalis\u00e9 est plus adapt\u00e9.","robots":{"index":"index","follow":"follow","max-snippet":"max-snippet:-1","max-image-preview":"max-image-preview:large","max-video-preview":"max-video-preview:-1"},"canonical":"https:\/\/evesolutions.fr\/index.php\/apprendre-langlais\/","og_locale":"fr_FR","og_type":"article","og_title":"Am\u00e9liorer son Anglais - Eve &#039; Solutions","og_description":"Les formations que nous proposons dans notre centre sont uniquement en individuel. Nous pensons que pour progresser, un accompagnement individuel et personnalis\u00e9 est plus adapt\u00e9.","og_url":"https:\/\/evesolutions.fr\/index.php\/apprendre-langlais\/","og_site_name":"Eve &#039; Solutions","article_publisher":"https:\/\/www.facebook.com\/evesolutions.fr\/","article_modified_time":"2025-01-23T09:40:02+00:00","og_image":[{"width":361,"height":400,"url":"https:\/\/evesolutions.fr\/wp-content\/uploads\/2024\/06\/Centre-de-formation-361X400.jpg","type":"image\/jpeg"}],"twitter_card":"summary_large_image","twitter_misc":{"Dur\u00e9e de lecture estim\u00e9e":"4 minutes"},"schema":{"@context":"https:\/\/schema.org","@graph":[{"@type":"WebPage","@id":"https:\/\/evesolutions.fr\/index.php\/apprendre-langlais\/","url":"https:\/\/evesolutions.fr\/index.php\/apprendre-langlais\/","name":"Am\u00e9liorer son Anglais - Eve &#039; Solutions","isPartOf":{"@id":"https:\/\/evesolutions.fr\/#website"},"primaryImageOfPage":{"@id":"https:\/\/evesolutions.fr\/index.php\/apprendre-langlais\/#primaryimage"},"image":{"@id":"https:\/\/evesolutions.fr\/index.php\/apprendre-langlais\/#primaryimage"},"thumbnailUrl":"https:\/\/evesolutions.fr\/wp-content\/uploads\/2024\/06\/Centre-de-formation-361X400.jpg","datePublished":"2024-05-04T13:37:13+00:00","dateModified":"2025-01-23T09:40:02+00:00","description":"Les formations que nous proposons dans notre centre sont uniquement en individuel. Nous pensons que pour progresser, un accompagnement individuel et personnalis\u00e9 est plus adapt\u00e9.","breadcrumb":{"@id":"https:\/\/evesolutions.fr\/index.php\/apprendre-langlais\/#breadcrumb"},"inLanguage":"fr-FR","potentialAction":[{"@type":"ReadAction","target":["https:\/\/evesolutions.fr\/index.php\/apprendre-langlais\/"]}]},{"@type":"ImageObject","inLanguage":"fr-FR","@id":"https:\/\/evesolutions.fr\/index.php\/apprendre-langlais\/#primaryimage","url":"https:\/\/evesolutions.fr\/wp-content\/uploads\/2024\/06\/Centre-de-formation-361X400.jpg","contentUrl":"https:\/\/evesolutions.fr\/wp-content\/uploads\/2024\/06\/Centre-de-formation-361X400.jpg","width":361,"height":400,"caption":"Table centre de formation"},{"@type":"BreadcrumbList","@id":"https:\/\/evesolutions.fr\/index.php\/apprendre-langlais\/#breadcrumb","itemListElement":[{"@type":"ListItem","position":1,"name":"Accueil","item":"https:\/\/evesolutions.fr\/"},{"@type":"ListItem","position":2,"name":"Am\u00e9liorer son Anglais"}]},{"@type":"WebSite","@id":"https:\/\/evesolutions.fr\/#website","url":"https:\/\/evesolutions.fr\/","name":"Eve ' Solutions","description":"A local helping hand","publisher":{"@id":"https:\/\/evesolutions.fr\/#organization"},"potentialAction":[{"@type":"SearchAction","target":{"@type":"EntryPoint","urlTemplate":"https:\/\/evesolutions.fr\/?s={search_term_string}"},"query-input":{"@type":"PropertyValueSpecification","valueRequired":true,"valueName":"search_term_string"}}],"inLanguage":"fr-FR"},{"@type":"Organization","@id":"https:\/\/evesolutions.fr\/#organization","name":"Eve ' Solutions","url":"https:\/\/evesolutions.fr\/","logo":{"@type":"ImageObject","inLanguage":"fr-FR","@id":"https:\/\/evesolutions.fr\/#\/schema\/logo\/image\/","url":"https:\/\/evesolutions.fr\/wp-content\/uploads\/2024\/04\/logo-GrandModele.jpg","contentUrl":"https:\/\/evesolutions.fr\/wp-content\/uploads\/2024\/04\/logo-GrandModele.jpg","width":2087,"height":1079,"caption":"Eve ' Solutions"},"image":{"@id":"https:\/\/evesolutions.fr\/#\/schema\/logo\/image\/"},"sameAs":["https:\/\/www.facebook.com\/evesolutions.fr\/"]}]}},"_links":{"self":[{"href":"https:\/\/evesolutions.fr\/index.php\/wp-json\/wp\/v2\/pages\/291"}],"collection":[{"href":"https:\/\/evesolutions.fr\/index.php\/wp-json\/wp\/v2\/pages"}],"about":[{"href":"https:\/\/evesolutions.fr\/index.php\/wp-json\/wp\/v2\/types\/page"}],"author":[{"embeddable":true,"href":"https:\/\/evesolutions.fr\/index.php\/wp-json\/wp\/v2\/users\/1"}],"replies":[{"embeddable":true,"href":"https:\/\/evesolutions.fr\/index.php\/wp-json\/wp\/v2\/comments?post=291"}],"version-history":[{"count":54,"href":"https:\/\/evesolutions.fr\/index.php\/wp-json\/wp\/v2\/pages\/291\/revisions"}],"predecessor-version":[{"id":496,"href":"https:\/\/evesolutions.fr\/index.php\/wp-json\/wp\/v2\/pages\/291\/revisions\/496"}],"wp:attachment":[{"href":"https:\/\/evesolutions.fr\/index.php\/wp-json\/wp\/v2\/media?parent=291"}],"curies":[{"name":"wp","href":"https:\/\/api.w.org\/{rel}","templated":true}]}}