{"id":115,"date":"2024-03-23T17:59:58","date_gmt":"2024-03-23T16:59:58","guid":{"rendered":"https:\/\/evesolutions.fr\/?page_id=115"},"modified":"2024-04-13T18:03:59","modified_gmt":"2024-04-13T16:03:59","slug":"mes-services","status":"publish","type":"page","link":"https:\/\/evesolutions.fr\/index.php\/mes-services\/","title":{"rendered":"Nos services"},"content":{"rendered":"\n<div class=\"wp-block-media-text is-stacked-on-mobile\" style=\"grid-template-columns:30% auto\"><figure class=\"wp-block-media-text__media\"><img loading=\"lazy\" decoding=\"async\" width=\"225\" height=\"225\" src=\"https:\/\/evesolutions.fr\/wp-content\/uploads\/2024\/04\/probleme2.jpg\" alt=\"Se poser des questions\" class=\"wp-image-178 size-full\" srcset=\"https:\/\/evesolutions.fr\/wp-content\/uploads\/2024\/04\/probleme2.jpg 225w, https:\/\/evesolutions.fr\/wp-content\/uploads\/2024\/04\/probleme2-150x150.jpg 150w\" sizes=\"(max-width: 225px) 100vw, 225px\" \/><\/figure><div class=\"wp-block-media-text__content\">\n<p class=\"has-medium-font-size\">A la cr\u00e9ation de l\u2019entreprise <strong>Eve\u2019Solutions<\/strong>, le premier service que nous proposions \u00e9tait une aide aux Anglophones.<\/p>\n\n\n\n<p class=\"has-medium-font-size\"> Nous avions remarqu\u00e9 que quand une personne d\u2019un pays anglophone ach\u00e8te une maison, dans le d\u00e9partement, elle se trouve rapidement d\u00e9sempar\u00e9e par le c\u00f4t\u00e9 administratif de notre pays.<\/p>\n\n\n\n<p class=\"has-medium-font-size\">Ce souci devient rapidement un cauchemar quand on ne conna\u00eet pas tr\u00e8s bien la langue et que l\u2019on ne sait pas vers qui se tourner. <\/p>\n\n\n\n<p class=\"has-medium-font-size\">Certain consultent un magazine tr\u00e8s connu de la communaut\u00e9 anglophone. <a href=\"https:\/\/anglophone-direct.com\/\">Le PO Life<\/a>.&nbsp; Dans ce magazine on peut y trouver les coordonn\u00e9es de notre entreprise, entre autre.<\/p>\n<\/div><\/div>\n\n\n\n<div class=\"wp-block-media-text has-media-on-the-right is-stacked-on-mobile\" style=\"grid-template-columns:auto 30%\"><div class=\"wp-block-media-text__content\">\n<p class=\"has-medium-font-size\">Depuis 2008,&nbsp; beaucoup d\u2019anglophones ont fait appel \u00e0 Eve pour toutes sortes de services&nbsp;: Choisir et installer la fibre, faire une demande pour obtenir une carte vitale, aider \u00e0 renouveler ses papiers quand on a perdu son portefeuille ou que l\u2019on se l\u2019est fait voler, g\u00e9rer un d\u00e9g\u00e2t des eaux, ouvrir ou cl\u00f4turer un compte bancaire, trouver un professionnel pour s\u2019occuper de la piscine ou faire des travaux \u2026\u2026 <\/p>\n\n\n\n<p class=\"has-medium-font-size\">Nous avons une solution \u00e0 toutes sortes de probl\u00e8mes. Si nous n\u2019avons pas &nbsp;LA solution, nous trouvons quelqu\u2019un qui l\u2019aura.<\/p>\n<\/div><figure class=\"wp-block-media-text__media\"><img loading=\"lazy\" decoding=\"async\" width=\"1024\" height=\"929\" src=\"https:\/\/evesolutions.fr\/wp-content\/uploads\/2024\/04\/helping-4661809_1920-1-1024x929.jpg\" alt=\"Une main tendu\" class=\"wp-image-194 size-full\" srcset=\"https:\/\/evesolutions.fr\/wp-content\/uploads\/2024\/04\/helping-4661809_1920-1-1024x929.jpg 1024w, https:\/\/evesolutions.fr\/wp-content\/uploads\/2024\/04\/helping-4661809_1920-1-300x272.jpg 300w, https:\/\/evesolutions.fr\/wp-content\/uploads\/2024\/04\/helping-4661809_1920-1-768x696.jpg 768w, https:\/\/evesolutions.fr\/wp-content\/uploads\/2024\/04\/helping-4661809_1920-1-1536x1393.jpg 1536w, https:\/\/evesolutions.fr\/wp-content\/uploads\/2024\/04\/helping-4661809_1920-1.jpg 1920w\" sizes=\"(max-width: 1024px) 100vw, 1024px\" \/><\/figure><\/div>\n\n\n\n<div class=\"wp-block-media-text is-stacked-on-mobile\" style=\"grid-template-columns:30% auto\"><figure class=\"wp-block-media-text__media\"><img loading=\"lazy\" decoding=\"async\" width=\"400\" height=\"301\" src=\"https:\/\/evesolutions.fr\/wp-content\/uploads\/2024\/04\/CPF-2.jpg\" alt=\"Logo C.P.F.\" class=\"wp-image-170 size-full\" srcset=\"https:\/\/evesolutions.fr\/wp-content\/uploads\/2024\/04\/CPF-2.jpg 400w, https:\/\/evesolutions.fr\/wp-content\/uploads\/2024\/04\/CPF-2-300x226.jpg 300w\" sizes=\"(max-width: 400px) 100vw, 400px\" \/><\/figure><div class=\"wp-block-media-text__content\">\n<p class=\"has-medium-font-size\">Par la suite nous avons mis notre maitrise de la langue anglaise et notre exp\u00e9rience de 10 ans en Angleterre, au service des fran\u00e7ais qui souhaitent am\u00e9liorer leur anglais pour leur carri\u00e8re ou leur loisir. <\/p>\n\n\n\n<p class=\"has-medium-font-size\">Nous avons obtenu la qualification <a href=\"https:\/\/travail-emploi.gouv.fr\/actualites\/presse\/communiques-de-presse\/article\/parution-d-une-nouvelle-edition-du-guide-de-lecture-qualiopi\">QUALIOPI<\/a>, pour que ses formations soient financ\u00e9es par le compte <a href=\"https:\/\/www.moncompteformation.gouv.fr\/espace-prive\/html\/#\/\">C.P.F. <\/a>Tous salari\u00e9s cotisent tout au long de sa vie \u00e0 son <strong>C<\/strong>ompte <strong>P<\/strong>ersonel <strong>F<\/strong>ormation.<\/p>\n\n\n\n<p class=\"has-medium-font-size\">Vous pouvez utiliser votre cr\u00e9dit formation pour vous formez \u00e0 l\u2019anglais.<\/p>\n<\/div><\/div>\n\n\n\n<p class=\"has-medium-font-size\">Pour les chefs d\u2019entreprise, les formations peuvent \u00eatre prises en charge par leurs <a href=\"https:\/\/www.trouver-mon-opco.fr\/\">l\u2019O.P.C.O. (<strong>Op<\/strong>\u00e9rateur de <strong>Co<\/strong>mp\u00e9tence)<\/a> auquel tous les chefs d\u2019entreprise cotisent pour leur entreprise et leurs salari\u00e9s. <\/p>\n\n\n\n<p class=\"has-medium-font-size\">Nos programmes de formations sont \u00e0 la carte. Nous les construisons en fonction du niveau de l\u2019apprenant, de ses disponibilit\u00e9s et de ses objectifs. <\/p>\n\n\n\n<p class=\"has-medium-font-size\">C\u2019est pour cette raison que nous n\u2019avons ni programme type et ni liste de prix. Nous pr\u00e9f\u00e9rons faire du sur mesure.<\/p>\n\n\n\n<div class=\"wp-block-media-text has-media-on-the-right is-stacked-on-mobile\" style=\"grid-template-columns:auto 20%\"><div class=\"wp-block-media-text__content\">\n<p class=\"has-medium-font-size\">Nous mettons en avant cette tr\u00e8s bonne ma\u00eetrise de la langue et de la culture anglaise dans notre service de conciergerie. <\/p>\n\n\n\n<p class=\"has-text-align-left has-medium-font-size\">Nous proposons aux propri\u00e9taires de r\u00e9sidence secondaire, qui veulent louer leur bien pendant les vacances et les p\u00e9riodes o\u00f9 ils ne l\u2019occupent pas, de le louer afin d\u2019avoir un appoint financier non-n\u00e9gligeable. <\/p>\n\n\n\n<p class=\"has-text-align-left has-medium-font-size\">Nous proposons une plateforme de r\u00e9servation <a href=\"https:\/\/bookandpay.fr\/\">\u00abBOOK &amp; PAY\u00bb <\/a>qui est ind\u00e9pendante de notre entreprise, pour trouver des locataires tout au long de l\u2019ann\u00e9e. <\/p>\n<\/div><figure class=\"wp-block-media-text__media\"><img loading=\"lazy\" decoding=\"async\" width=\"200\" height=\"246\" src=\"https:\/\/evesolutions.fr\/wp-content\/uploads\/2024\/03\/Remise-cles.jpg\" alt=\"Remise de cl\u00e9s\" class=\"wp-image-128 size-full\"\/><\/figure><\/div>\n\n\n\n<p class=\"has-medium-font-size\">Nous nous occupons d\u2019accueillir les locataires, de les installer, &nbsp;de veiller sur la qualit\u00e9 de leur s\u00e9jour. Nous prenons \u00e0 c\u0153ur la confiance que nous font ces propri\u00e9taires &nbsp;pour s\u2019occuper de leurs voyageurs. <\/p>\n\n\n\n<p class=\"has-medium-font-size\">Nous les accueillons en leur nom et nous leur faisons un compte rendu d\u00e9taill\u00e9 au d\u00e9part de leurs h\u00f4tes. Nous travaillons en \u00e9troite collaboration avec les propri\u00e9taires pour, \u00e0 chaque fois, am\u00e9liorer le confort des locataires.<\/p>\n\n\n\n<p class=\"has-medium-font-size\">Nous avons \u00e9galement \u00e9t\u00e9 sollicit\u00e9s pour assister des professionnels ne m\u00e9trisant pas la langue pour concr\u00e9tiser des contrats avec des anglophones. Ou bien encore, comme cela \u00e0 \u00e9t\u00e9 les cas en Ao\u00fbt 2023, \u00eatre demand\u00e9 pour accompagner une coiffeuse locale \u00e0 couper les cheveux de l\u2019\u00e9quipage d\u2019un bateau de luxe.<\/p>\n\n\n\n<p class=\"has-text-align-center has-large-font-size\"><em>Notre entreprise s\u2019efforce de trouver une solution \u00e0 tous les probl\u00e8mes li\u00e9s \u00e0 la langue anglaise. &nbsp;<\/em><\/p>\n\n\n\n<div class=\"juiz_sps_links  counters_both juiz_sps_displayed_bottom\" data-post-id=\"115\">\n<p class=\"screen-reader-text juiz_sps_maybe_hidden_text\">Partager la publication \"Nos services\"<\/p>\n\n\t<ul class=\"juiz_sps_links_list juiz_sps_hide_name\"><li class=\"juiz_sps_item juiz_sps_link_facebook\"><a href=\"https:\/\/www.facebook.com\/sharer.php?u=https%3A%2F%2Fevesolutions.fr%2Findex.php%2Fwp-json%2Fwp%2Fv2%2Fpages%2F115\" rel=\"nofollow\"   title=\"Partager cet article sur Facebook\" class=\"juiz_sps_button\" data-nobs-key=\"facebook\"><span class=\"juiz_sps_icon jsps-facebook\"><\/span><span class=\"juiz_sps_network_name\">Facebook<\/span><\/a><\/li><li class=\"juiz_sps_item juiz_sps_link_whatsapp\"><a href=\"https:\/\/wa.me\/?text=%22Nos%20services%22%3A+https%3A%2F%2Fevesolutions.fr%2Findex.php%2Fwp-json%2Fwp%2Fv2%2Fpages%2F115\" rel=\"nofollow\"   title=\"Partager cet article sur WhatsApp\" class=\"juiz_sps_button\" data-nobs-key=\"whatsapp\"><span class=\"juiz_sps_icon jsps-whatsapp\"><\/span><span class=\"juiz_sps_network_name\">WhatsApp<\/span><\/a><\/li><li style=\"display:none;\" class=\"juiz_sps_item juiz_sps_link_shareapi\"><button type=\"button\" data-api-link=\"https:\/\/evesolutions.fr\/index.php\/mes-services\/\"  title=\"Partager sur votre appli. favoris.\" class=\"juiz_sps_button\" data-nobs-key=\"shareapi\"><span class=\"juiz_sps_icon jsps-shareapi\"><\/span><span class=\"juiz_sps_network_name\">Partager...<\/span><\/button><script>\n\t\t\t\t\twindow.addEventListener(\"DOMContentLoaded\", function(){\n\t\t\t\t\t\tif ( navigator.share ) {\n\t\t\t\t\t\t\tlet shareurl = document.location.href;\n\t\t\t\t\t\t\tlet btns = document.querySelectorAll(\".juiz_sps_link_shareapi button:not([data-bound])\");\n\t\t\t\t\t\t\tconst canon = document.querySelector(\"link[rel=canonical]\");\n\n\t\t\t\t\t\t\tif (canon !== null) {\n\t\t\t\t\t\t\t\tshareurl = canon.href;\n\t\t\t\t\t\t\t}\n\n\t\t\t\t\t\t\tbtns.forEach(function(el) {\n\t\t\t\t\t\t\t\tel.closest(\".juiz_sps_link_shareapi\").removeAttribute( \"style\" );\n\t\t\t\t\t\t\t\tel.setAttribute( \"data-bound\", \"true\" );\n\t\t\t\t\t\t\t\tel.addEventListener(\"click\", async () => {\n\t\t\t\t\t\t\t\t\ttry {\n\t\t\t\t\t\t\t\t\t\tawait navigator.share({\n\t\t\t\t\t\t\t\t\t\t\ttitle: \"Nos services\",\n\t\t\t\t\t\t\t\t\t\t\ttext: \"Nos services - \",\n\t\t\t\t\t\t\t\t\t\t\turl: shareurl,\n\t\t\t\t\t\t\t\t\t\t});\n\t\t\t\t\t\t\t\t\t\tconsole.info(\"Nobs: Successful share\");\n\t\t\t\t\t\t\t\t\t} catch(err) {\n\t\t\t\t\t\t\t\t\t\tconsole.warn(\"Nobs: Error sharing\", error);\n\t\t\t\t\t\t\t\t\t}\n\t\t\t\t\t\t\t\t});\n\t\t\t\t\t\t\t});\n\t\t\t\t\t\t}\n\t\t\t\t\t});\n\t\t\t\t\t<\/script><\/li><li class=\"juiz_sps_item juiz_sps_link_mail\"><a href=\"mailto:?subject=Un%20bon%20site%20\u00e0%20visiter%20surs%20https:\/\/evesolutions.fr&#038;body=Salut%20!%20J&#039;ai%20trouv\u00e9%20cette%20information%20pour%20toi&nbsp;:%20Nos%20services&nbsp;!%20Voici%20le%20lien%20direct&nbsp;:%20https:\/\/evesolutions.fr\/index.php\/mes-services\/%20Bonne%20journ\u00e9e%20:)\" rel=\"nofollow\"   title=\"Partager cette publication avec un ami (e-mail)\" class=\"juiz_sps_button\" data-nobs-key=\"mail\"><span class=\"juiz_sps_icon jsps-mail\"><\/span><span class=\"juiz_sps_network_name\">E-mail<\/span><\/a><\/li><li class=\"juiz_sps_item juiz_sps_link_bookmark\"><a href=\"https:\/\/evesolutions.fr\/index.php\/mes-services\/\" rel=\"nofollow\"   data-alert=\"Pressez %s pour marquer cette page.\" title=\"Marquer cette page (dans votre navigateur)\" class=\"juiz_sps_button\" data-nobs-key=\"bookmark\"><span class=\"juiz_sps_icon jsps-bookmark\"><\/span><span class=\"juiz_sps_network_name\">Marque-page<\/span><\/a><\/li><li class=\"juiz_sps_item juiz_sps_link_print\"><button type=\"button\" data-api-link=\"https:\/\/evesolutions.fr\/index.php\/mes-services\/\"  title=\"Imprimer cette page\" class=\"juiz_sps_button\" data-nobs-key=\"print\"><span class=\"juiz_sps_icon jsps-print\"><\/span><span class=\"juiz_sps_network_name\">Imprimer<\/span><\/button><\/li><\/ul>\n\t<\/div>\n\n\n","protected":false},"excerpt":{"rendered":"<p>A la cr\u00e9ation de l\u2019entreprise Eve\u2019Solutions, le premier service que nous proposions \u00e9tait une aide aux Anglophones. Nous avions remarqu\u00e9 que quand une personne d\u2019un pays anglophone ach\u00e8te une maison, dans le d\u00e9partement, elle se trouve rapidement d\u00e9sempar\u00e9e par le &hellip; <a class=\"kt-excerpt-readmore more-link\" href=\"https:\/\/evesolutions.fr\/index.php\/mes-services\/\">Read More<\/a><\/p>\n","protected":false},"author":1,"featured_media":0,"parent":0,"menu_order":0,"comment_status":"closed","ping_status":"closed","template":"","meta":{"kt_blocks_editor_width":"","_kadence_starter_templates_imported_post":false,"footnotes":""},"yoast_head":"<!-- This site is optimized with the Yoast SEO plugin v24.2 - https:\/\/yoast.com\/wordpress\/plugins\/seo\/ -->\n<title>Nos services - Eve &#039; Solutions<\/title>\n<meta name=\"robots\" content=\"index, follow, max-snippet:-1, max-image-preview:large, max-video-preview:-1\" \/>\n<link rel=\"canonical\" href=\"https:\/\/evesolutions.fr\/index.php\/mes-services\/\" \/>\n<meta property=\"og:locale\" content=\"fr_FR\" \/>\n<meta property=\"og:type\" content=\"article\" \/>\n<meta property=\"og:title\" content=\"Nos services - Eve &#039; Solutions\" \/>\n<meta property=\"og:description\" content=\"A la cr\u00e9ation de l\u2019entreprise Eve\u2019Solutions, le premier service que nous proposions \u00e9tait une aide aux Anglophones. Nous avions remarqu\u00e9 que quand une personne d\u2019un pays anglophone ach\u00e8te une maison, dans le d\u00e9partement, elle se trouve rapidement d\u00e9sempar\u00e9e par le &hellip; Read More\" \/>\n<meta property=\"og:url\" content=\"https:\/\/evesolutions.fr\/index.php\/mes-services\/\" \/>\n<meta property=\"og:site_name\" content=\"Eve &#039; Solutions\" \/>\n<meta property=\"article:publisher\" content=\"https:\/\/www.facebook.com\/evesolutions.fr\/\" \/>\n<meta property=\"article:modified_time\" content=\"2024-04-13T16:03:59+00:00\" \/>\n<meta property=\"og:image\" content=\"http:\/\/evesolutions.fr\/wp-content\/uploads\/2024\/04\/probleme2.jpg\" \/>\n<meta name=\"twitter:card\" content=\"summary_large_image\" \/>\n<meta name=\"twitter:label1\" content=\"Dur\u00e9e de lecture estim\u00e9e\" \/>\n\t<meta name=\"twitter:data1\" content=\"3 minutes\" \/>\n<script type=\"application\/ld+json\" class=\"yoast-schema-graph\">{\"@context\":\"https:\/\/schema.org\",\"@graph\":[{\"@type\":\"WebPage\",\"@id\":\"https:\/\/evesolutions.fr\/index.php\/mes-services\/\",\"url\":\"https:\/\/evesolutions.fr\/index.php\/mes-services\/\",\"name\":\"Nos services - Eve &#039; Solutions\",\"isPartOf\":{\"@id\":\"https:\/\/evesolutions.fr\/#website\"},\"primaryImageOfPage\":{\"@id\":\"https:\/\/evesolutions.fr\/index.php\/mes-services\/#primaryimage\"},\"image\":{\"@id\":\"https:\/\/evesolutions.fr\/index.php\/mes-services\/#primaryimage\"},\"thumbnailUrl\":\"http:\/\/evesolutions.fr\/wp-content\/uploads\/2024\/04\/probleme2.jpg\",\"datePublished\":\"2024-03-23T16:59:58+00:00\",\"dateModified\":\"2024-04-13T16:03:59+00:00\",\"breadcrumb\":{\"@id\":\"https:\/\/evesolutions.fr\/index.php\/mes-services\/#breadcrumb\"},\"inLanguage\":\"fr-FR\",\"potentialAction\":[{\"@type\":\"ReadAction\",\"target\":[\"https:\/\/evesolutions.fr\/index.php\/mes-services\/\"]}]},{\"@type\":\"ImageObject\",\"inLanguage\":\"fr-FR\",\"@id\":\"https:\/\/evesolutions.fr\/index.php\/mes-services\/#primaryimage\",\"url\":\"http:\/\/evesolutions.fr\/wp-content\/uploads\/2024\/04\/probleme2.jpg\",\"contentUrl\":\"http:\/\/evesolutions.fr\/wp-content\/uploads\/2024\/04\/probleme2.jpg\"},{\"@type\":\"BreadcrumbList\",\"@id\":\"https:\/\/evesolutions.fr\/index.php\/mes-services\/#breadcrumb\",\"itemListElement\":[{\"@type\":\"ListItem\",\"position\":1,\"name\":\"Accueil\",\"item\":\"https:\/\/evesolutions.fr\/\"},{\"@type\":\"ListItem\",\"position\":2,\"name\":\"Nos services\"}]},{\"@type\":\"WebSite\",\"@id\":\"https:\/\/evesolutions.fr\/#website\",\"url\":\"https:\/\/evesolutions.fr\/\",\"name\":\"Eve ' Solutions\",\"description\":\"Comprendre, communiquer, r\u00e9ussir \/ Understand, communicate, succeed\",\"publisher\":{\"@id\":\"https:\/\/evesolutions.fr\/#organization\"},\"potentialAction\":[{\"@type\":\"SearchAction\",\"target\":{\"@type\":\"EntryPoint\",\"urlTemplate\":\"https:\/\/evesolutions.fr\/?s={search_term_string}\"},\"query-input\":{\"@type\":\"PropertyValueSpecification\",\"valueRequired\":true,\"valueName\":\"search_term_string\"}}],\"inLanguage\":\"fr-FR\"},{\"@type\":\"Organization\",\"@id\":\"https:\/\/evesolutions.fr\/#organization\",\"name\":\"Eve ' Solutions\",\"url\":\"https:\/\/evesolutions.fr\/\",\"logo\":{\"@type\":\"ImageObject\",\"inLanguage\":\"fr-FR\",\"@id\":\"https:\/\/evesolutions.fr\/#\/schema\/logo\/image\/\",\"url\":\"https:\/\/evesolutions.fr\/wp-content\/uploads\/2024\/04\/logo-GrandModele.jpg\",\"contentUrl\":\"https:\/\/evesolutions.fr\/wp-content\/uploads\/2024\/04\/logo-GrandModele.jpg\",\"width\":2087,\"height\":1079,\"caption\":\"Eve ' Solutions\"},\"image\":{\"@id\":\"https:\/\/evesolutions.fr\/#\/schema\/logo\/image\/\"},\"sameAs\":[\"https:\/\/www.facebook.com\/evesolutions.fr\/\"]}]}<\/script>\n<!-- \/ Yoast SEO plugin. -->","yoast_head_json":{"title":"Nos services - Eve &#039; Solutions","robots":{"index":"index","follow":"follow","max-snippet":"max-snippet:-1","max-image-preview":"max-image-preview:large","max-video-preview":"max-video-preview:-1"},"canonical":"https:\/\/evesolutions.fr\/index.php\/mes-services\/","og_locale":"fr_FR","og_type":"article","og_title":"Nos services - Eve &#039; Solutions","og_description":"A la cr\u00e9ation de l\u2019entreprise Eve\u2019Solutions, le premier service que nous proposions \u00e9tait une aide aux Anglophones. Nous avions remarqu\u00e9 que quand une personne d\u2019un pays anglophone ach\u00e8te une maison, dans le d\u00e9partement, elle se trouve rapidement d\u00e9sempar\u00e9e par le &hellip; Read More","og_url":"https:\/\/evesolutions.fr\/index.php\/mes-services\/","og_site_name":"Eve &#039; Solutions","article_publisher":"https:\/\/www.facebook.com\/evesolutions.fr\/","article_modified_time":"2024-04-13T16:03:59+00:00","og_image":[{"url":"http:\/\/evesolutions.fr\/wp-content\/uploads\/2024\/04\/probleme2.jpg","type":"","width":"","height":""}],"twitter_card":"summary_large_image","twitter_misc":{"Dur\u00e9e de lecture estim\u00e9e":"3 minutes"},"schema":{"@context":"https:\/\/schema.org","@graph":[{"@type":"WebPage","@id":"https:\/\/evesolutions.fr\/index.php\/mes-services\/","url":"https:\/\/evesolutions.fr\/index.php\/mes-services\/","name":"Nos services - Eve &#039; Solutions","isPartOf":{"@id":"https:\/\/evesolutions.fr\/#website"},"primaryImageOfPage":{"@id":"https:\/\/evesolutions.fr\/index.php\/mes-services\/#primaryimage"},"image":{"@id":"https:\/\/evesolutions.fr\/index.php\/mes-services\/#primaryimage"},"thumbnailUrl":"http:\/\/evesolutions.fr\/wp-content\/uploads\/2024\/04\/probleme2.jpg","datePublished":"2024-03-23T16:59:58+00:00","dateModified":"2024-04-13T16:03:59+00:00","breadcrumb":{"@id":"https:\/\/evesolutions.fr\/index.php\/mes-services\/#breadcrumb"},"inLanguage":"fr-FR","potentialAction":[{"@type":"ReadAction","target":["https:\/\/evesolutions.fr\/index.php\/mes-services\/"]}]},{"@type":"ImageObject","inLanguage":"fr-FR","@id":"https:\/\/evesolutions.fr\/index.php\/mes-services\/#primaryimage","url":"http:\/\/evesolutions.fr\/wp-content\/uploads\/2024\/04\/probleme2.jpg","contentUrl":"http:\/\/evesolutions.fr\/wp-content\/uploads\/2024\/04\/probleme2.jpg"},{"@type":"BreadcrumbList","@id":"https:\/\/evesolutions.fr\/index.php\/mes-services\/#breadcrumb","itemListElement":[{"@type":"ListItem","position":1,"name":"Accueil","item":"https:\/\/evesolutions.fr\/"},{"@type":"ListItem","position":2,"name":"Nos services"}]},{"@type":"WebSite","@id":"https:\/\/evesolutions.fr\/#website","url":"https:\/\/evesolutions.fr\/","name":"Eve ' Solutions","description":"Comprendre, communiquer, r\u00e9ussir \/ Understand, communicate, succeed","publisher":{"@id":"https:\/\/evesolutions.fr\/#organization"},"potentialAction":[{"@type":"SearchAction","target":{"@type":"EntryPoint","urlTemplate":"https:\/\/evesolutions.fr\/?s={search_term_string}"},"query-input":{"@type":"PropertyValueSpecification","valueRequired":true,"valueName":"search_term_string"}}],"inLanguage":"fr-FR"},{"@type":"Organization","@id":"https:\/\/evesolutions.fr\/#organization","name":"Eve ' Solutions","url":"https:\/\/evesolutions.fr\/","logo":{"@type":"ImageObject","inLanguage":"fr-FR","@id":"https:\/\/evesolutions.fr\/#\/schema\/logo\/image\/","url":"https:\/\/evesolutions.fr\/wp-content\/uploads\/2024\/04\/logo-GrandModele.jpg","contentUrl":"https:\/\/evesolutions.fr\/wp-content\/uploads\/2024\/04\/logo-GrandModele.jpg","width":2087,"height":1079,"caption":"Eve ' Solutions"},"image":{"@id":"https:\/\/evesolutions.fr\/#\/schema\/logo\/image\/"},"sameAs":["https:\/\/www.facebook.com\/evesolutions.fr\/"]}]}},"_links":{"self":[{"href":"https:\/\/evesolutions.fr\/index.php\/wp-json\/wp\/v2\/pages\/115"}],"collection":[{"href":"https:\/\/evesolutions.fr\/index.php\/wp-json\/wp\/v2\/pages"}],"about":[{"href":"https:\/\/evesolutions.fr\/index.php\/wp-json\/wp\/v2\/types\/page"}],"author":[{"embeddable":true,"href":"https:\/\/evesolutions.fr\/index.php\/wp-json\/wp\/v2\/users\/1"}],"replies":[{"embeddable":true,"href":"https:\/\/evesolutions.fr\/index.php\/wp-json\/wp\/v2\/comments?post=115"}],"version-history":[{"count":42,"href":"https:\/\/evesolutions.fr\/index.php\/wp-json\/wp\/v2\/pages\/115\/revisions"}],"predecessor-version":[{"id":266,"href":"https:\/\/evesolutions.fr\/index.php\/wp-json\/wp\/v2\/pages\/115\/revisions\/266"}],"wp:attachment":[{"href":"https:\/\/evesolutions.fr\/index.php\/wp-json\/wp\/v2\/media?parent=115"}],"curies":[{"name":"wp","href":"https:\/\/api.w.org\/{rel}","templated":true}]}}