{"id":11,"date":"2024-03-16T16:35:32","date_gmt":"2024-03-16T15:35:32","guid":{"rendered":"https:\/\/evesolutions.fr\/?page_id=11"},"modified":"2024-04-20T15:27:20","modified_gmt":"2024-04-20T13:27:20","slug":"mention-legales","status":"publish","type":"page","link":"https:\/\/evesolutions.fr\/index.php\/mention-legales\/","title":{"rendered":"Mention L\u00e9gales"},"content":{"rendered":"\n<p>Le site  <strong><a href=\"https:\/\/evesolutions.fr\/\">https:\/\/www.evesolutions.fr<\/a><\/strong> est \u00e9dit\u00e9 par  <strong>Evelyne Mestres<\/strong>.<\/p>\n\n\n\n<h2 class=\"wp-block-heading\">\u00c9diteur<\/h2>\n\n\n\n<h4 class=\"wp-block-heading\"><strong>Evelyne Mestres<\/strong><\/h4>\n\n\n\n<p><strong>40 avenue Casrtellane<br>66660 Port-vendres<br>France<br>T\u00e9l. : + 33 (0)4 68 88 46 34<\/strong><br><strong>Portable : + 33 (0) 6 70 70 62 10<br>RCS 503 386 906 00021 &#8211; DA n\u00b0 9166 01861 66 &#8211; APE : 8219ZP&gt;<\/strong><\/p>\n\n\n\n<p><\/p>\n\n\n\n<h2 class=\"wp-block-heading\">H\u00e9bergement<\/h2>\n\n\n\n<p><strong>OVH SAS au capital de 10 000 000 \u20ac RCS Roubaix \u2013 Tourcoing 424 761 419 00045<br>Code APE 6202A &#8211; N\u00b0 TVA : FR 22 424 761 419<br>Si\u00e8ge social : 2 rue Kellermann &#8211; 59100 Roubaix &#8211; France<\/strong><\/p>\n\n\n\n<p><strong>https:\/\/www.ovh.com<\/strong><\/p>\n\n\n\n<h2 class=\"wp-block-heading\">Cr\u00e9dits<\/h2>\n\n\n\n<p><strong>Visuels : Evelyne Mestres <\/strong><\/p>\n\n\n\n<p><strong>R\u00e9dactionnels : Evelyne Mestres<\/strong><\/p>\n\n\n\n<h2 class=\"wp-block-heading\">Conditions d&rsquo;utilisation du site Internet www.evesolutions.fr<\/h2>\n\n\n\n<p>Le site et chacun des \u00e9l\u00e9ments, y compris mais sans limitation les marques, les logos, ic\u00f4nes, infographies, photographies, qui le composent sont prot\u00e9g\u00e9s au titre de la l\u00e9gislation internationale de la propri\u00e9t\u00e9 intellectuelle. Les contenus figurant sur le site sont la propri\u00e9t\u00e9 de <strong>Eve&rsquo;soluitons<\/strong>. Toute utilisation, reproduction ou repr\u00e9sentation, par quelque proc\u00e9d\u00e9 que ce soit, et sur quelque support que ce soit, de tout ou partie du site et\/ou des \u00e9l\u00e9ments qui le composent n&rsquo;est pas autoris\u00e9e sans le consentement expresse  de <strong>Eve&rsquo;solutions<\/strong>.<\/p>\n\n\n\n<h2 class=\"wp-block-heading\">Donn\u00e9es personnelles<\/h2>\n\n\n\n<p>D&rsquo;une fa\u00e7on g\u00e9n\u00e9rale, vous pouvez visiter notre site sur Internet sans avoir \u00e0 d\u00e9cliner votre identit\u00e9 et \u00e0 fournir des informations personnelles vous concernant. Cependant, nous pouvons parfois vous demander des informations. Par exemple, pour traiter une commande, \u00e9tablir une correspondance, fournir un abonnement ou soumettre une candidature \u00e0 un poste. Nous pouvons compl\u00e9ter ces informations pour conclure une transaction ou offrir un meilleur service.<\/p>\n\n\n\n<h2 class=\"wp-block-heading\">Contactez-nous<\/h2>\n\n\n\n<p><strong>Eve&rsquo;solutions <\/strong>est \u00e0 votre disposition pour tous vos commentaires ou suggestions. Vous pouvez nous \u00e9crire en fran\u00e7ais ou en anglais par voie \u00e9lectronique via notre<strong> <a href=\"https:\/\/evesolutions.fr\/index.php\/contact\/\">formulaire de contact<\/a><\/strong>.<\/p>\n","protected":false},"excerpt":{"rendered":"<p>Le site https:\/\/www.evesolutions.fr est \u00e9dit\u00e9 par Evelyne Mestres. \u00c9diteur Evelyne Mestres 40 avenue Casrtellane66660 Port-vendresFranceT\u00e9l. : + 33 (0)4 68 88 46 34Portable : + 33 (0) 6 70 70 62 10RCS 503 386 906 00021 &#8211; DA n\u00b0 9166 &hellip; <a class=\"kt-excerpt-readmore more-link\" href=\"https:\/\/evesolutions.fr\/index.php\/mention-legales\/\">Read More<\/a><\/p>\n","protected":false},"author":1,"featured_media":0,"parent":0,"menu_order":0,"comment_status":"closed","ping_status":"closed","template":"","meta":{"kt_blocks_editor_width":"","_kadence_starter_templates_imported_post":false,"footnotes":""},"yoast_head":"<!-- This site is optimized with the Yoast SEO plugin v24.2 - https:\/\/yoast.com\/wordpress\/plugins\/seo\/ -->\n<title>Mention L\u00e9gales - Eve &#039; Solutions<\/title>\n<meta name=\"robots\" content=\"index, follow, max-snippet:-1, max-image-preview:large, max-video-preview:-1\" \/>\n<link rel=\"canonical\" href=\"https:\/\/evesolutions.fr\/index.php\/mention-legales\/\" \/>\n<meta property=\"og:locale\" content=\"fr_FR\" \/>\n<meta property=\"og:type\" content=\"article\" \/>\n<meta property=\"og:title\" content=\"Mention L\u00e9gales - Eve &#039; Solutions\" \/>\n<meta property=\"og:description\" content=\"Le site https:\/\/www.evesolutions.fr est \u00e9dit\u00e9 par Evelyne Mestres. \u00c9diteur Evelyne Mestres 40 avenue Casrtellane66660 Port-vendresFranceT\u00e9l. : + 33 (0)4 68 88 46 34Portable : + 33 (0) 6 70 70 62 10RCS 503 386 906 00021 &#8211; DA n\u00b0 9166 &hellip; Read More\" \/>\n<meta property=\"og:url\" content=\"https:\/\/evesolutions.fr\/index.php\/mention-legales\/\" \/>\n<meta property=\"og:site_name\" content=\"Eve &#039; Solutions\" \/>\n<meta property=\"article:publisher\" content=\"https:\/\/www.facebook.com\/evesolutions.fr\/\" \/>\n<meta property=\"article:modified_time\" content=\"2024-04-20T13:27:20+00:00\" \/>\n<meta name=\"twitter:card\" content=\"summary_large_image\" \/>\n<meta name=\"twitter:label1\" content=\"Dur\u00e9e de lecture estim\u00e9e\" \/>\n\t<meta name=\"twitter:data1\" content=\"1 minute\" \/>\n<script type=\"application\/ld+json\" class=\"yoast-schema-graph\">{\"@context\":\"https:\/\/schema.org\",\"@graph\":[{\"@type\":\"WebPage\",\"@id\":\"https:\/\/evesolutions.fr\/index.php\/mention-legales\/\",\"url\":\"https:\/\/evesolutions.fr\/index.php\/mention-legales\/\",\"name\":\"Mention L\u00e9gales - Eve &#039; Solutions\",\"isPartOf\":{\"@id\":\"https:\/\/evesolutions.fr\/#website\"},\"datePublished\":\"2024-03-16T15:35:32+00:00\",\"dateModified\":\"2024-04-20T13:27:20+00:00\",\"breadcrumb\":{\"@id\":\"https:\/\/evesolutions.fr\/index.php\/mention-legales\/#breadcrumb\"},\"inLanguage\":\"fr-FR\",\"potentialAction\":[{\"@type\":\"ReadAction\",\"target\":[\"https:\/\/evesolutions.fr\/index.php\/mention-legales\/\"]}]},{\"@type\":\"BreadcrumbList\",\"@id\":\"https:\/\/evesolutions.fr\/index.php\/mention-legales\/#breadcrumb\",\"itemListElement\":[{\"@type\":\"ListItem\",\"position\":1,\"name\":\"Accueil\",\"item\":\"https:\/\/evesolutions.fr\/\"},{\"@type\":\"ListItem\",\"position\":2,\"name\":\"Mention L\u00e9gales\"}]},{\"@type\":\"WebSite\",\"@id\":\"https:\/\/evesolutions.fr\/#website\",\"url\":\"https:\/\/evesolutions.fr\/\",\"name\":\"Eve ' Solutions\",\"description\":\"A local helping hand\",\"publisher\":{\"@id\":\"https:\/\/evesolutions.fr\/#organization\"},\"potentialAction\":[{\"@type\":\"SearchAction\",\"target\":{\"@type\":\"EntryPoint\",\"urlTemplate\":\"https:\/\/evesolutions.fr\/?s={search_term_string}\"},\"query-input\":{\"@type\":\"PropertyValueSpecification\",\"valueRequired\":true,\"valueName\":\"search_term_string\"}}],\"inLanguage\":\"fr-FR\"},{\"@type\":\"Organization\",\"@id\":\"https:\/\/evesolutions.fr\/#organization\",\"name\":\"Eve ' Solutions\",\"url\":\"https:\/\/evesolutions.fr\/\",\"logo\":{\"@type\":\"ImageObject\",\"inLanguage\":\"fr-FR\",\"@id\":\"https:\/\/evesolutions.fr\/#\/schema\/logo\/image\/\",\"url\":\"https:\/\/evesolutions.fr\/wp-content\/uploads\/2024\/04\/logo-GrandModele.jpg\",\"contentUrl\":\"https:\/\/evesolutions.fr\/wp-content\/uploads\/2024\/04\/logo-GrandModele.jpg\",\"width\":2087,\"height\":1079,\"caption\":\"Eve ' Solutions\"},\"image\":{\"@id\":\"https:\/\/evesolutions.fr\/#\/schema\/logo\/image\/\"},\"sameAs\":[\"https:\/\/www.facebook.com\/evesolutions.fr\/\"]}]}<\/script>\n<!-- \/ Yoast SEO plugin. -->","yoast_head_json":{"title":"Mention L\u00e9gales - Eve &#039; Solutions","robots":{"index":"index","follow":"follow","max-snippet":"max-snippet:-1","max-image-preview":"max-image-preview:large","max-video-preview":"max-video-preview:-1"},"canonical":"https:\/\/evesolutions.fr\/index.php\/mention-legales\/","og_locale":"fr_FR","og_type":"article","og_title":"Mention L\u00e9gales - Eve &#039; Solutions","og_description":"Le site https:\/\/www.evesolutions.fr est \u00e9dit\u00e9 par Evelyne Mestres. \u00c9diteur Evelyne Mestres 40 avenue Casrtellane66660 Port-vendresFranceT\u00e9l. : + 33 (0)4 68 88 46 34Portable : + 33 (0) 6 70 70 62 10RCS 503 386 906 00021 &#8211; DA n\u00b0 9166 &hellip; Read More","og_url":"https:\/\/evesolutions.fr\/index.php\/mention-legales\/","og_site_name":"Eve &#039; Solutions","article_publisher":"https:\/\/www.facebook.com\/evesolutions.fr\/","article_modified_time":"2024-04-20T13:27:20+00:00","twitter_card":"summary_large_image","twitter_misc":{"Dur\u00e9e de lecture estim\u00e9e":"1 minute"},"schema":{"@context":"https:\/\/schema.org","@graph":[{"@type":"WebPage","@id":"https:\/\/evesolutions.fr\/index.php\/mention-legales\/","url":"https:\/\/evesolutions.fr\/index.php\/mention-legales\/","name":"Mention L\u00e9gales - Eve &#039; Solutions","isPartOf":{"@id":"https:\/\/evesolutions.fr\/#website"},"datePublished":"2024-03-16T15:35:32+00:00","dateModified":"2024-04-20T13:27:20+00:00","breadcrumb":{"@id":"https:\/\/evesolutions.fr\/index.php\/mention-legales\/#breadcrumb"},"inLanguage":"fr-FR","potentialAction":[{"@type":"ReadAction","target":["https:\/\/evesolutions.fr\/index.php\/mention-legales\/"]}]},{"@type":"BreadcrumbList","@id":"https:\/\/evesolutions.fr\/index.php\/mention-legales\/#breadcrumb","itemListElement":[{"@type":"ListItem","position":1,"name":"Accueil","item":"https:\/\/evesolutions.fr\/"},{"@type":"ListItem","position":2,"name":"Mention L\u00e9gales"}]},{"@type":"WebSite","@id":"https:\/\/evesolutions.fr\/#website","url":"https:\/\/evesolutions.fr\/","name":"Eve ' Solutions","description":"A local helping hand","publisher":{"@id":"https:\/\/evesolutions.fr\/#organization"},"potentialAction":[{"@type":"SearchAction","target":{"@type":"EntryPoint","urlTemplate":"https:\/\/evesolutions.fr\/?s={search_term_string}"},"query-input":{"@type":"PropertyValueSpecification","valueRequired":true,"valueName":"search_term_string"}}],"inLanguage":"fr-FR"},{"@type":"Organization","@id":"https:\/\/evesolutions.fr\/#organization","name":"Eve ' Solutions","url":"https:\/\/evesolutions.fr\/","logo":{"@type":"ImageObject","inLanguage":"fr-FR","@id":"https:\/\/evesolutions.fr\/#\/schema\/logo\/image\/","url":"https:\/\/evesolutions.fr\/wp-content\/uploads\/2024\/04\/logo-GrandModele.jpg","contentUrl":"https:\/\/evesolutions.fr\/wp-content\/uploads\/2024\/04\/logo-GrandModele.jpg","width":2087,"height":1079,"caption":"Eve ' Solutions"},"image":{"@id":"https:\/\/evesolutions.fr\/#\/schema\/logo\/image\/"},"sameAs":["https:\/\/www.facebook.com\/evesolutions.fr\/"]}]}},"_links":{"self":[{"href":"https:\/\/evesolutions.fr\/index.php\/wp-json\/wp\/v2\/pages\/11"}],"collection":[{"href":"https:\/\/evesolutions.fr\/index.php\/wp-json\/wp\/v2\/pages"}],"about":[{"href":"https:\/\/evesolutions.fr\/index.php\/wp-json\/wp\/v2\/types\/page"}],"author":[{"embeddable":true,"href":"https:\/\/evesolutions.fr\/index.php\/wp-json\/wp\/v2\/users\/1"}],"replies":[{"embeddable":true,"href":"https:\/\/evesolutions.fr\/index.php\/wp-json\/wp\/v2\/comments?post=11"}],"version-history":[{"count":12,"href":"https:\/\/evesolutions.fr\/index.php\/wp-json\/wp\/v2\/pages\/11\/revisions"}],"predecessor-version":[{"id":271,"href":"https:\/\/evesolutions.fr\/index.php\/wp-json\/wp\/v2\/pages\/11\/revisions\/271"}],"wp:attachment":[{"href":"https:\/\/evesolutions.fr\/index.php\/wp-json\/wp\/v2\/media?parent=11"}],"curies":[{"name":"wp","href":"https:\/\/api.w.org\/{rel}","templated":true}]}}